{"id":587,"date":"2020-05-04T08:08:01","date_gmt":"2020-05-04T06:08:01","guid":{"rendered":"http:\/\/boutique.ettorevini.fr\/?post_type=product&#038;p=587"},"modified":"2024-02-03T22:26:18","modified_gmt":"2024-02-03T21:26:18","slug":"dp-blanc","status":"publish","type":"product","link":"https:\/\/boutique.ettorevini.fr\/index.php\/produit\/dp-blanc\/","title":{"rendered":"DP blanc"},"content":{"rendered":"<h2><strong>Producteur<\/strong><\/h2>\n<hr \/>\n<h3><strong>Vincent BONNAL &#8211; Domaine de Pelissols<\/strong><\/h3>\n<p><img decoding=\"async\" class=\"wp-image-524 size-thumbnail alignleft\" src=\"https:\/\/i0.wp.com\/boutique.ettorevini.fr\/wp-content\/uploads\/2020\/05\/Vincent-CL.jpg?resize=150%2C150&#038;ssl=1\" alt=\"\" width=\"150\" height=\"150\" srcset=\"https:\/\/i0.wp.com\/boutique.ettorevini.fr\/wp-content\/uploads\/2020\/05\/Vincent-CL.jpg?resize=150%2C150&amp;ssl=1 150w, https:\/\/i0.wp.com\/boutique.ettorevini.fr\/wp-content\/uploads\/2020\/05\/Vincent-CL.jpg?resize=100%2C100&amp;ssl=1 100w, https:\/\/i0.wp.com\/boutique.ettorevini.fr\/wp-content\/uploads\/2020\/05\/Vincent-CL.jpg?resize=600%2C600&amp;ssl=1 600w, https:\/\/i0.wp.com\/boutique.ettorevini.fr\/wp-content\/uploads\/2020\/05\/Vincent-CL.jpg?resize=300%2C300&amp;ssl=1 300w, https:\/\/i0.wp.com\/boutique.ettorevini.fr\/wp-content\/uploads\/2020\/05\/Vincent-CL.jpg?resize=768%2C768&amp;ssl=1 768w, https:\/\/i0.wp.com\/boutique.ettorevini.fr\/wp-content\/uploads\/2020\/05\/Vincent-CL.jpg?w=1024&amp;ssl=1 1024w\" sizes=\"(max-width: 150px) 100vw, 150px\" data-recalc-dims=\"1\" \/><\/p>\n<p>Costard, cravate, cheveux court bien peign\u00e9s\u00a0: le portrait de Vincent\u2026 il y a plusieurs ann\u00e9es. Apr\u00e8s une p\u00e9riode de \u00ab\u00a0cavale\u00a0\u00bb \u00e0 l\u2019\u00e9tranger pour travailler en tant qu\u2019\u0153nologue, notre contadin rentre au bercail dans l\u2019exploitation g\u00e9r\u00e9e par son p\u00e8re et son fr\u00e8re ain\u00e9. La version 2.0 de Vincent est totalement diff\u00e9rente, artisan-vigneron, comme il se d\u00e9finit lui-m\u00eame, au look de pirate, il reprend les r\u00eanes du domaine o\u00f9 il adopte une approche nature pour exprimer au maximum son terroir. [\u2026] <em>\u00e9lever un vin plut\u00f4t que le fabriquer<\/em> est son adage. Ses vins sont des boissons vivantes inscrits dans la fra\u00eecheur et la finesse et cela gr\u00e2ce \u00e0 son savoir-faire dans un magnifique terroir qui est la Haute Vall\u00e9e de l\u2019Orb.<\/p>\n<p><a href=\"\/index.php\/les-terroiristes\/#vincent\">En savoir plus sur Vincent<\/a><\/p>\n<hr \/>\n<h3><strong>Fiche technique<\/strong><\/h3>\n<ul>\n<li><b>Bouteille <\/b>: 0,75 L<\/li>\n<li><strong>C\u00e9page\u00a0<\/strong>: muscat et chardonnay<\/li>\n<li><strong>Teneur en alcool<\/strong>\u00a0: 13\u00b0<\/li>\n<li><strong>Type\u00a0<\/strong>: blanc rond<\/li>\n<li><strong>Sol\u00a0<\/strong>: argilo-calcaire<\/li>\n<li><strong>Vinification\u00a0<\/strong>: en cuve d\u2019inox<\/li>\n<li><strong>\u00c9levage\u00a0<\/strong>: 12 mois en bouteille<\/li>\n<\/ul>\n","protected":false},"excerpt":{"rendered":"<p>On en a go\u00fbt\u00e9 par centaines des muscats mais ici on fait une halte. Avec ses techniques astucieuses, Vincent chamboule nos connaissances sur ce c\u00e9page. Il arrive \u00e0 exprimer son terroir sans nous proposer un muscat exub\u00e9rant mais plut\u00f4t complexe et fin. Si on ne s\u2019attaque pas avidement \u00e0 la bouteille et que l\u2019on a la patience de la laisser s\u2019a\u00e9rer avant de la d\u00e9guster, le gain est assur\u00e9. Niveau sniffing, c\u2019est comme se promener dans un jardin d\u2019orangers et d\u2019arbres d\u2019acacia. La bouche pamplemousse bien, grasse sans lourdeur, \u00e9quilibr\u00e9e de par sa douceur un chouille sucr\u00e9e. Bonne surprise\u00a0!<\/p>\n","protected":false},"featured_media":1548,"template":"","meta":[],"product_cat":[32],"product_tag":[40,48],"yoast_head":"<!-- This site is optimized with the Yoast SEO plugin v21.8.1 - https:\/\/yoast.com\/wordpress\/plugins\/seo\/ -->\n<title>DP blanc - Ettore Vini - Boutique en ligne de vins naturels<\/title>\n<meta name=\"robots\" content=\"index, follow, max-snippet:-1, max-image-preview:large, max-video-preview:-1\" \/>\n<link rel=\"canonical\" href=\"https:\/\/boutique.ettorevini.fr\/index.php\/produit\/dp-blanc\/\" \/>\n<meta property=\"og:locale\" content=\"fr_FR\" \/>\n<meta property=\"og:type\" content=\"article\" \/>\n<meta property=\"og:title\" content=\"DP blanc - Ettore Vini - Boutique en ligne de vins naturels\" \/>\n<meta property=\"og:description\" content=\"On en a go\u00fbt\u00e9 par centaines des muscats mais ici on fait une halte. Avec ses techniques astucieuses, Vincent chamboule nos connaissances sur ce c\u00e9page. Il arrive \u00e0 exprimer son terroir sans nous proposer un muscat exub\u00e9rant mais plut\u00f4t complexe et fin. Si on ne s\u2019attaque pas avidement \u00e0 la bouteille et que l\u2019on a la patience de la laisser s\u2019a\u00e9rer avant de la d\u00e9guster, le gain est assur\u00e9. Niveau sniffing, c\u2019est comme se promener dans un jardin d\u2019orangers et d\u2019arbres d\u2019acacia. La bouche pamplemousse bien, grasse sans lourdeur, \u00e9quilibr\u00e9e de par sa douceur un chouille sucr\u00e9e. Bonne surprise\u00a0!\" \/>\n<meta property=\"og:url\" content=\"https:\/\/boutique.ettorevini.fr\/index.php\/produit\/dp-blanc\/\" \/>\n<meta property=\"og:site_name\" content=\"Ettore Vini - Boutique en ligne de vins naturels\" \/>\n<meta property=\"article:publisher\" content=\"https:\/\/www.facebook.com\/AnimaVini\" \/>\n<meta property=\"article:modified_time\" content=\"2024-02-03T21:26:18+00:00\" \/>\n<meta property=\"og:image\" content=\"https:\/\/boutique.ettorevini.fr\/wp-content\/uploads\/2020\/05\/a-test-avora1-scaled.jpg\" \/>\n\t<meta property=\"og:image:width\" content=\"1707\" \/>\n\t<meta property=\"og:image:height\" content=\"2560\" \/>\n\t<meta property=\"og:image:type\" content=\"image\/jpeg\" \/>\n<meta name=\"twitter:card\" content=\"summary_large_image\" \/>\n<meta name=\"twitter:label1\" content=\"Dur\u00e9e de lecture estim\u00e9e\" \/>\n\t<meta name=\"twitter:data1\" content=\"2 minutes\" \/>\n<script type=\"application\/ld+json\" class=\"yoast-schema-graph\">{\"@context\":\"https:\/\/schema.org\",\"@graph\":[{\"@type\":\"WebPage\",\"@id\":\"https:\/\/boutique.ettorevini.fr\/index.php\/produit\/dp-blanc\/\",\"url\":\"https:\/\/boutique.ettorevini.fr\/index.php\/produit\/dp-blanc\/\",\"name\":\"DP blanc - Ettore Vini - Boutique en ligne de vins naturels\",\"isPartOf\":{\"@id\":\"https:\/\/boutique.ettorevini.fr\/#website\"},\"datePublished\":\"2020-05-04T06:08:01+00:00\",\"dateModified\":\"2024-02-03T21:26:18+00:00\",\"breadcrumb\":{\"@id\":\"https:\/\/boutique.ettorevini.fr\/index.php\/produit\/dp-blanc\/#breadcrumb\"},\"inLanguage\":\"fr-FR\",\"potentialAction\":[{\"@type\":\"ReadAction\",\"target\":[\"https:\/\/boutique.ettorevini.fr\/index.php\/produit\/dp-blanc\/\"]}]},{\"@type\":\"BreadcrumbList\",\"@id\":\"https:\/\/boutique.ettorevini.fr\/index.php\/produit\/dp-blanc\/#breadcrumb\",\"itemListElement\":[{\"@type\":\"ListItem\",\"position\":1,\"name\":\"Accueil\",\"item\":\"https:\/\/boutique.ettorevini.fr\/\"},{\"@type\":\"ListItem\",\"position\":2,\"name\":\"LES VINS DE CESAR\",\"item\":\"https:\/\/boutique.ettorevini.fr\/\"},{\"@type\":\"ListItem\",\"position\":3,\"name\":\"DP blanc\"}]},{\"@type\":\"WebSite\",\"@id\":\"https:\/\/boutique.ettorevini.fr\/#website\",\"url\":\"https:\/\/boutique.ettorevini.fr\/\",\"name\":\"Ettore Vini - Boutique en ligne de vins naturels\",\"description\":\"\u00c7a se passe en France depuis 2010\",\"potentialAction\":[{\"@type\":\"SearchAction\",\"target\":{\"@type\":\"EntryPoint\",\"urlTemplate\":\"https:\/\/boutique.ettorevini.fr\/?s={search_term_string}\"},\"query-input\":\"required name=search_term_string\"}],\"inLanguage\":\"fr-FR\"}]}<\/script>\n<!-- \/ Yoast SEO plugin. -->","yoast_head_json":{"title":"DP blanc - Ettore Vini - Boutique en ligne de vins naturels","robots":{"index":"index","follow":"follow","max-snippet":"max-snippet:-1","max-image-preview":"max-image-preview:large","max-video-preview":"max-video-preview:-1"},"canonical":"https:\/\/boutique.ettorevini.fr\/index.php\/produit\/dp-blanc\/","og_locale":"fr_FR","og_type":"article","og_title":"DP blanc - Ettore Vini - Boutique en ligne de vins naturels","og_description":"On en a go\u00fbt\u00e9 par centaines des muscats mais ici on fait une halte. Avec ses techniques astucieuses, Vincent chamboule nos connaissances sur ce c\u00e9page. Il arrive \u00e0 exprimer son terroir sans nous proposer un muscat exub\u00e9rant mais plut\u00f4t complexe et fin. Si on ne s\u2019attaque pas avidement \u00e0 la bouteille et que l\u2019on a la patience de la laisser s\u2019a\u00e9rer avant de la d\u00e9guster, le gain est assur\u00e9. Niveau sniffing, c\u2019est comme se promener dans un jardin d\u2019orangers et d\u2019arbres d\u2019acacia. La bouche pamplemousse bien, grasse sans lourdeur, \u00e9quilibr\u00e9e de par sa douceur un chouille sucr\u00e9e. Bonne surprise\u00a0!","og_url":"https:\/\/boutique.ettorevini.fr\/index.php\/produit\/dp-blanc\/","og_site_name":"Ettore Vini - Boutique en ligne de vins naturels","article_publisher":"https:\/\/www.facebook.com\/AnimaVini","article_modified_time":"2024-02-03T21:26:18+00:00","og_image":[{"width":1707,"height":2560,"url":"https:\/\/boutique.ettorevini.fr\/wp-content\/uploads\/2020\/05\/a-test-avora1-scaled.jpg","type":"image\/jpeg"}],"twitter_card":"summary_large_image","twitter_misc":{"Dur\u00e9e de lecture estim\u00e9e":"2 minutes"},"schema":{"@context":"https:\/\/schema.org","@graph":[{"@type":"WebPage","@id":"https:\/\/boutique.ettorevini.fr\/index.php\/produit\/dp-blanc\/","url":"https:\/\/boutique.ettorevini.fr\/index.php\/produit\/dp-blanc\/","name":"DP blanc - Ettore Vini - Boutique en ligne de vins naturels","isPartOf":{"@id":"https:\/\/boutique.ettorevini.fr\/#website"},"datePublished":"2020-05-04T06:08:01+00:00","dateModified":"2024-02-03T21:26:18+00:00","breadcrumb":{"@id":"https:\/\/boutique.ettorevini.fr\/index.php\/produit\/dp-blanc\/#breadcrumb"},"inLanguage":"fr-FR","potentialAction":[{"@type":"ReadAction","target":["https:\/\/boutique.ettorevini.fr\/index.php\/produit\/dp-blanc\/"]}]},{"@type":"BreadcrumbList","@id":"https:\/\/boutique.ettorevini.fr\/index.php\/produit\/dp-blanc\/#breadcrumb","itemListElement":[{"@type":"ListItem","position":1,"name":"Accueil","item":"https:\/\/boutique.ettorevini.fr\/"},{"@type":"ListItem","position":2,"name":"LES VINS DE CESAR","item":"https:\/\/boutique.ettorevini.fr\/"},{"@type":"ListItem","position":3,"name":"DP blanc"}]},{"@type":"WebSite","@id":"https:\/\/boutique.ettorevini.fr\/#website","url":"https:\/\/boutique.ettorevini.fr\/","name":"Ettore Vini - Boutique en ligne de vins naturels","description":"\u00c7a se passe en France depuis 2010","potentialAction":[{"@type":"SearchAction","target":{"@type":"EntryPoint","urlTemplate":"https:\/\/boutique.ettorevini.fr\/?s={search_term_string}"},"query-input":"required name=search_term_string"}],"inLanguage":"fr-FR"}]}},"_links":{"self":[{"href":"https:\/\/boutique.ettorevini.fr\/index.php\/wp-json\/wp\/v2\/product\/587"}],"collection":[{"href":"https:\/\/boutique.ettorevini.fr\/index.php\/wp-json\/wp\/v2\/product"}],"about":[{"href":"https:\/\/boutique.ettorevini.fr\/index.php\/wp-json\/wp\/v2\/types\/product"}],"version-history":[{"count":4,"href":"https:\/\/boutique.ettorevini.fr\/index.php\/wp-json\/wp\/v2\/product\/587\/revisions"}],"predecessor-version":[{"id":1040,"href":"https:\/\/boutique.ettorevini.fr\/index.php\/wp-json\/wp\/v2\/product\/587\/revisions\/1040"}],"wp:featuredmedia":[{"embeddable":true,"href":"https:\/\/boutique.ettorevini.fr\/index.php\/wp-json\/wp\/v2\/media\/1548"}],"wp:attachment":[{"href":"https:\/\/boutique.ettorevini.fr\/index.php\/wp-json\/wp\/v2\/media?parent=587"}],"wp:term":[{"taxonomy":"product_cat","embeddable":true,"href":"https:\/\/boutique.ettorevini.fr\/index.php\/wp-json\/wp\/v2\/product_cat?post=587"},{"taxonomy":"product_tag","embeddable":true,"href":"https:\/\/boutique.ettorevini.fr\/index.php\/wp-json\/wp\/v2\/product_tag?post=587"}],"curies":[{"name":"wp","href":"https:\/\/api.w.org\/{rel}","templated":true}]}}