{"id":550,"date":"2020-05-03T18:50:29","date_gmt":"2020-05-03T16:50:29","guid":{"rendered":"http:\/\/boutique.ettorevini.fr\/?post_type=product&#038;p=550"},"modified":"2022-12-16T10:24:33","modified_gmt":"2022-12-16T09:24:33","slug":"piana-rosso","status":"publish","type":"product","link":"https:\/\/boutique.ettorevini.fr\/index.php\/produit\/piana-rosso\/","title":{"rendered":"Piana Rosso"},"content":{"rendered":"<h2><strong>Producteur<\/strong><\/h2>\n<hr \/>\n<h3><strong>Matteo CERACCHI &#8211; Piana dei Castelli<\/strong><\/h3>\n<p><a href=\"\/matteo-ceracchi\"><img decoding=\"async\" class=\"wp-image-439 alignleft\" src=\"https:\/\/i0.wp.com\/boutique.ettorevini.fr\/wp-content\/uploads\/2020\/05\/matteo-CL.jpg?resize=108%2C108&#038;ssl=1\" alt=\"\" width=\"108\" height=\"108\" srcset=\"https:\/\/i0.wp.com\/boutique.ettorevini.fr\/wp-content\/uploads\/2020\/05\/matteo-CL.jpg?resize=150%2C150&amp;ssl=1 150w, https:\/\/i0.wp.com\/boutique.ettorevini.fr\/wp-content\/uploads\/2020\/05\/matteo-CL.jpg?resize=100%2C100&amp;ssl=1 100w, https:\/\/i0.wp.com\/boutique.ettorevini.fr\/wp-content\/uploads\/2020\/05\/matteo-CL.jpg?resize=600%2C600&amp;ssl=1 600w, https:\/\/i0.wp.com\/boutique.ettorevini.fr\/wp-content\/uploads\/2020\/05\/matteo-CL.jpg?resize=300%2C300&amp;ssl=1 300w, https:\/\/i0.wp.com\/boutique.ettorevini.fr\/wp-content\/uploads\/2020\/05\/matteo-CL.jpg?resize=768%2C768&amp;ssl=1 768w, https:\/\/i0.wp.com\/boutique.ettorevini.fr\/wp-content\/uploads\/2020\/05\/matteo-CL.jpg?w=1024&amp;ssl=1 1024w\" sizes=\"(max-width: 108px) 100vw, 108px\" data-recalc-dims=\"1\" \/><\/a>A la t\u00eate de ce domaine, Matteo Ceracchi travaille dans le plein respect des rythmes, des cycles et des forces de la nature. Il pratique une viticulture biologique et biodynamique avec <!--more-->m\u00e9ticulosit\u00e9 et arrive \u00e0 exprimer au maximum les sp\u00e9cificit\u00e9s des sols cultiv\u00e9s. Des terrains abandonn\u00e9s ont \u00e9t\u00e9 acquis et replant\u00e9s par ce jeune vigneron plein d\u2019\u00e9nergie de la province romaine.<\/p>\n<p><a href=\"\/index.php\/les-terroiristes\/#matteo\">En savoir plus sur Matteo<\/a><\/p>\n<hr \/>\n<h3><strong>Fiche technique<\/strong><\/h3>\n<ul>\n<li><b>Bouteille <\/b>: 0,75 L<\/li>\n<li><strong>C\u00e9page<\/strong>\u00a0: merlot<\/li>\n<li><strong>Type<\/strong>\u00a0: rouge costaud<\/li>\n<li><strong>Sol<\/strong>\u00a0:\u00a0tuffeau-calcaire<\/li>\n<li><strong>Alcool<\/strong>\u00a0: 15\u00b0<\/li>\n<li><strong>\u00c9levage<\/strong>\u00a0: 24 mois sur lies fines<\/li>\n<\/ul>\n","protected":false},"excerpt":{"rendered":"<p>Matteo Ceracchi ne conna\u00eet probablement pas Michel ROLLAND, le gourou des vinifications bordelaises qui privil\u00e9gie les merlots dans des climats froids. Utilisant des techniques de micro-oxyg\u00e9nation ou d\u2019osmose inverse, il sugg\u00e8re de mettre de copeaux dans les cuves et autres sorcelleries. Matteo, ignorant, a plant\u00e9 ce merlot franc de pied il y a 15 ans sur un sol d\u2019altitude embrass\u00e9 par le soleil de l\u2019Italie qui donne beaucoup de chaleur \u00e0 ce c\u00e9page, le faisant titrer \u00e0 15\u00b0 (eh oui, \u00e7a trace !). Vinifi\u00e9 en cuve d\u2019inox, il roupille sur ses lies fines pendant au moins deux ans. Malgr\u00e9 sa charpente, le r\u00e9sultat est un vin parfaitement \u00e9quilibr\u00e9 qui apporte un compl\u00e9ment de gras et d\u00e9gage beaucoup de fruits confitur\u00e9s se d\u00e9veloppant sur la longueur. Les tanins sont assouplis. Bien color\u00e9 et pas exag\u00e9r\u00e9ment v\u00e9g\u00e9tal avec une min\u00e9ralit\u00e9 latente, il est hyper accessible. Quelle gourmandise !<\/p>\n<p>Michel, ne serait-il pas le temps de prendre votre retraite\u00a0?<\/p>\n","protected":false},"featured_media":630,"template":"","meta":[],"product_cat":[33],"product_tag":[42,41],"yoast_head":"<!-- This site is optimized with the Yoast SEO plugin v21.8.1 - https:\/\/yoast.com\/wordpress\/plugins\/seo\/ -->\n<title>Piana Rosso - Ettore Vini - Boutique en ligne de vins naturels<\/title>\n<meta name=\"robots\" content=\"index, follow, max-snippet:-1, max-image-preview:large, max-video-preview:-1\" \/>\n<link rel=\"canonical\" href=\"https:\/\/boutique.ettorevini.fr\/index.php\/produit\/piana-rosso\/\" \/>\n<meta property=\"og:locale\" content=\"fr_FR\" \/>\n<meta property=\"og:type\" content=\"article\" \/>\n<meta property=\"og:title\" content=\"Piana Rosso - Ettore Vini - Boutique en ligne de vins naturels\" \/>\n<meta property=\"og:description\" content=\"Matteo Ceracchi ne conna\u00eet probablement pas Michel ROLLAND, le gourou des vinifications bordelaises qui privil\u00e9gie les merlots dans des climats froids. Utilisant des techniques de micro-oxyg\u00e9nation ou d\u2019osmose inverse, il sugg\u00e8re de mettre de copeaux dans les cuves et autres sorcelleries. Matteo, ignorant, a plant\u00e9 ce merlot franc de pied il y a 15 ans sur un sol d\u2019altitude embrass\u00e9 par le soleil de l\u2019Italie qui donne beaucoup de chaleur \u00e0 ce c\u00e9page, le faisant titrer \u00e0 15\u00b0 (eh oui, \u00e7a trace !). Vinifi\u00e9 en cuve d\u2019inox, il roupille sur ses lies fines pendant au moins deux ans. Malgr\u00e9 sa charpente, le r\u00e9sultat est un vin parfaitement \u00e9quilibr\u00e9 qui apporte un compl\u00e9ment de gras et d\u00e9gage beaucoup de fruits confitur\u00e9s se d\u00e9veloppant sur la longueur. Les tanins sont assouplis. Bien color\u00e9 et pas exag\u00e9r\u00e9ment v\u00e9g\u00e9tal avec une min\u00e9ralit\u00e9 latente, il est hyper accessible. Quelle gourmandise !  Michel, ne serait-il pas le temps de prendre votre retraite\u00a0?\" \/>\n<meta property=\"og:url\" content=\"https:\/\/boutique.ettorevini.fr\/index.php\/produit\/piana-rosso\/\" \/>\n<meta property=\"og:site_name\" content=\"Ettore Vini - Boutique en ligne de vins naturels\" \/>\n<meta property=\"article:publisher\" content=\"https:\/\/www.facebook.com\/AnimaVini\" \/>\n<meta property=\"article:modified_time\" content=\"2022-12-16T09:24:33+00:00\" \/>\n<meta property=\"og:image\" content=\"https:\/\/i0.wp.com\/boutique.ettorevini.fr\/wp-content\/uploads\/2020\/05\/rosso-piana1-scaled.jpg?fit=1707%2C2560&ssl=1\" \/>\n\t<meta property=\"og:image:width\" content=\"1707\" \/>\n\t<meta property=\"og:image:height\" content=\"2560\" \/>\n\t<meta property=\"og:image:type\" content=\"image\/jpeg\" \/>\n<meta name=\"twitter:card\" content=\"summary_large_image\" \/>\n<script type=\"application\/ld+json\" class=\"yoast-schema-graph\">{\"@context\":\"https:\/\/schema.org\",\"@graph\":[{\"@type\":\"WebPage\",\"@id\":\"https:\/\/boutique.ettorevini.fr\/index.php\/produit\/piana-rosso\/\",\"url\":\"https:\/\/boutique.ettorevini.fr\/index.php\/produit\/piana-rosso\/\",\"name\":\"Piana Rosso - Ettore Vini - Boutique en ligne de vins naturels\",\"isPartOf\":{\"@id\":\"https:\/\/boutique.ettorevini.fr\/#website\"},\"datePublished\":\"2020-05-03T16:50:29+00:00\",\"dateModified\":\"2022-12-16T09:24:33+00:00\",\"breadcrumb\":{\"@id\":\"https:\/\/boutique.ettorevini.fr\/index.php\/produit\/piana-rosso\/#breadcrumb\"},\"inLanguage\":\"fr-FR\",\"potentialAction\":[{\"@type\":\"ReadAction\",\"target\":[\"https:\/\/boutique.ettorevini.fr\/index.php\/produit\/piana-rosso\/\"]}]},{\"@type\":\"BreadcrumbList\",\"@id\":\"https:\/\/boutique.ettorevini.fr\/index.php\/produit\/piana-rosso\/#breadcrumb\",\"itemListElement\":[{\"@type\":\"ListItem\",\"position\":1,\"name\":\"Accueil\",\"item\":\"https:\/\/boutique.ettorevini.fr\/\"},{\"@type\":\"ListItem\",\"position\":2,\"name\":\"LES VINS DE CESAR\",\"item\":\"https:\/\/boutique.ettorevini.fr\/\"},{\"@type\":\"ListItem\",\"position\":3,\"name\":\"Piana Rosso\"}]},{\"@type\":\"WebSite\",\"@id\":\"https:\/\/boutique.ettorevini.fr\/#website\",\"url\":\"https:\/\/boutique.ettorevini.fr\/\",\"name\":\"Ettore Vini - Boutique en ligne de vins naturels\",\"description\":\"\u00c7a se passe en France depuis 2010\",\"potentialAction\":[{\"@type\":\"SearchAction\",\"target\":{\"@type\":\"EntryPoint\",\"urlTemplate\":\"https:\/\/boutique.ettorevini.fr\/?s={search_term_string}\"},\"query-input\":\"required name=search_term_string\"}],\"inLanguage\":\"fr-FR\"}]}<\/script>\n<!-- \/ Yoast SEO plugin. -->","yoast_head_json":{"title":"Piana Rosso - Ettore Vini - Boutique en ligne de vins naturels","robots":{"index":"index","follow":"follow","max-snippet":"max-snippet:-1","max-image-preview":"max-image-preview:large","max-video-preview":"max-video-preview:-1"},"canonical":"https:\/\/boutique.ettorevini.fr\/index.php\/produit\/piana-rosso\/","og_locale":"fr_FR","og_type":"article","og_title":"Piana Rosso - Ettore Vini - Boutique en ligne de vins naturels","og_description":"Matteo Ceracchi ne conna\u00eet probablement pas Michel ROLLAND, le gourou des vinifications bordelaises qui privil\u00e9gie les merlots dans des climats froids. Utilisant des techniques de micro-oxyg\u00e9nation ou d\u2019osmose inverse, il sugg\u00e8re de mettre de copeaux dans les cuves et autres sorcelleries. Matteo, ignorant, a plant\u00e9 ce merlot franc de pied il y a 15 ans sur un sol d\u2019altitude embrass\u00e9 par le soleil de l\u2019Italie qui donne beaucoup de chaleur \u00e0 ce c\u00e9page, le faisant titrer \u00e0 15\u00b0 (eh oui, \u00e7a trace !). Vinifi\u00e9 en cuve d\u2019inox, il roupille sur ses lies fines pendant au moins deux ans. Malgr\u00e9 sa charpente, le r\u00e9sultat est un vin parfaitement \u00e9quilibr\u00e9 qui apporte un compl\u00e9ment de gras et d\u00e9gage beaucoup de fruits confitur\u00e9s se d\u00e9veloppant sur la longueur. Les tanins sont assouplis. Bien color\u00e9 et pas exag\u00e9r\u00e9ment v\u00e9g\u00e9tal avec une min\u00e9ralit\u00e9 latente, il est hyper accessible. Quelle gourmandise !  Michel, ne serait-il pas le temps de prendre votre retraite\u00a0?","og_url":"https:\/\/boutique.ettorevini.fr\/index.php\/produit\/piana-rosso\/","og_site_name":"Ettore Vini - Boutique en ligne de vins naturels","article_publisher":"https:\/\/www.facebook.com\/AnimaVini","article_modified_time":"2022-12-16T09:24:33+00:00","og_image":[{"width":1707,"height":2560,"url":"https:\/\/i0.wp.com\/boutique.ettorevini.fr\/wp-content\/uploads\/2020\/05\/rosso-piana1-scaled.jpg?fit=1707%2C2560&ssl=1","type":"image\/jpeg"}],"twitter_card":"summary_large_image","schema":{"@context":"https:\/\/schema.org","@graph":[{"@type":"WebPage","@id":"https:\/\/boutique.ettorevini.fr\/index.php\/produit\/piana-rosso\/","url":"https:\/\/boutique.ettorevini.fr\/index.php\/produit\/piana-rosso\/","name":"Piana Rosso - Ettore Vini - Boutique en ligne de vins naturels","isPartOf":{"@id":"https:\/\/boutique.ettorevini.fr\/#website"},"datePublished":"2020-05-03T16:50:29+00:00","dateModified":"2022-12-16T09:24:33+00:00","breadcrumb":{"@id":"https:\/\/boutique.ettorevini.fr\/index.php\/produit\/piana-rosso\/#breadcrumb"},"inLanguage":"fr-FR","potentialAction":[{"@type":"ReadAction","target":["https:\/\/boutique.ettorevini.fr\/index.php\/produit\/piana-rosso\/"]}]},{"@type":"BreadcrumbList","@id":"https:\/\/boutique.ettorevini.fr\/index.php\/produit\/piana-rosso\/#breadcrumb","itemListElement":[{"@type":"ListItem","position":1,"name":"Accueil","item":"https:\/\/boutique.ettorevini.fr\/"},{"@type":"ListItem","position":2,"name":"LES VINS DE CESAR","item":"https:\/\/boutique.ettorevini.fr\/"},{"@type":"ListItem","position":3,"name":"Piana Rosso"}]},{"@type":"WebSite","@id":"https:\/\/boutique.ettorevini.fr\/#website","url":"https:\/\/boutique.ettorevini.fr\/","name":"Ettore Vini - Boutique en ligne de vins naturels","description":"\u00c7a se passe en France depuis 2010","potentialAction":[{"@type":"SearchAction","target":{"@type":"EntryPoint","urlTemplate":"https:\/\/boutique.ettorevini.fr\/?s={search_term_string}"},"query-input":"required name=search_term_string"}],"inLanguage":"fr-FR"}]}},"_links":{"self":[{"href":"https:\/\/boutique.ettorevini.fr\/index.php\/wp-json\/wp\/v2\/product\/550"}],"collection":[{"href":"https:\/\/boutique.ettorevini.fr\/index.php\/wp-json\/wp\/v2\/product"}],"about":[{"href":"https:\/\/boutique.ettorevini.fr\/index.php\/wp-json\/wp\/v2\/types\/product"}],"version-history":[{"count":3,"href":"https:\/\/boutique.ettorevini.fr\/index.php\/wp-json\/wp\/v2\/product\/550\/revisions"}],"predecessor-version":[{"id":1230,"href":"https:\/\/boutique.ettorevini.fr\/index.php\/wp-json\/wp\/v2\/product\/550\/revisions\/1230"}],"wp:featuredmedia":[{"embeddable":true,"href":"https:\/\/boutique.ettorevini.fr\/index.php\/wp-json\/wp\/v2\/media\/630"}],"wp:attachment":[{"href":"https:\/\/boutique.ettorevini.fr\/index.php\/wp-json\/wp\/v2\/media?parent=550"}],"wp:term":[{"taxonomy":"product_cat","embeddable":true,"href":"https:\/\/boutique.ettorevini.fr\/index.php\/wp-json\/wp\/v2\/product_cat?post=550"},{"taxonomy":"product_tag","embeddable":true,"href":"https:\/\/boutique.ettorevini.fr\/index.php\/wp-json\/wp\/v2\/product_tag?post=550"}],"curies":[{"name":"wp","href":"https:\/\/api.w.org\/{rel}","templated":true}]}}