{"id":508,"date":"2020-05-03T12:36:37","date_gmt":"2020-05-03T10:36:37","guid":{"rendered":"http:\/\/boutique.ettorevini.fr\/index.php\/produit\/import-placeholder-for-119\/"},"modified":"2023-12-20T13:36:33","modified_gmt":"2023-12-20T12:36:33","slug":"dagamo","status":"publish","type":"product","link":"https:\/\/boutique.ettorevini.fr\/index.php\/produit\/dagamo\/","title":{"rendered":"Dagamo"},"content":{"rendered":"<h2><strong>Producteur<\/strong><\/h2>\n<hr \/>\n<h3><strong>Danila MONGARDI &#8211; Al di l\u00e0 del Fiume<\/strong><\/h3>\n<p><img decoding=\"async\" class=\"alignleft wp-image-527 size-thumbnail\" src=\"https:\/\/i0.wp.com\/boutique.ettorevini.fr\/wp-content\/uploads\/2020\/05\/DanilaCL.jpg?resize=150%2C150&#038;ssl=1\" alt=\"\" width=\"150\" height=\"150\" srcset=\"https:\/\/i0.wp.com\/boutique.ettorevini.fr\/wp-content\/uploads\/2020\/05\/DanilaCL.jpg?resize=150%2C150&amp;ssl=1 150w, https:\/\/i0.wp.com\/boutique.ettorevini.fr\/wp-content\/uploads\/2020\/05\/DanilaCL.jpg?resize=100%2C100&amp;ssl=1 100w, https:\/\/i0.wp.com\/boutique.ettorevini.fr\/wp-content\/uploads\/2020\/05\/DanilaCL.jpg?resize=600%2C600&amp;ssl=1 600w, https:\/\/i0.wp.com\/boutique.ettorevini.fr\/wp-content\/uploads\/2020\/05\/DanilaCL.jpg?resize=300%2C300&amp;ssl=1 300w, https:\/\/i0.wp.com\/boutique.ettorevini.fr\/wp-content\/uploads\/2020\/05\/DanilaCL.jpg?resize=768%2C768&amp;ssl=1 768w, https:\/\/i0.wp.com\/boutique.ettorevini.fr\/wp-content\/uploads\/2020\/05\/DanilaCL.jpg?w=1024&amp;ssl=1 1024w\" sizes=\"(max-width: 150px) 100vw, 150px\" data-recalc-dims=\"1\" \/><\/p>\n<p>Ce jeune domaine exploit\u00e9 par Danila MONGARDI et compos\u00e9 de 27 ha. dont seuls 3 sont implant\u00e9s en vigne, le reste \u00e9tant un projet de biodiversit\u00e9 avec un potager, un verger, un \u00e9tang, des animaux, tout ce qui peut \u00eatre fonctionnel \u00e0 son autonomie.<\/p>\n<p><a href=\"\/index.php\/les-terroiristes\/#danila\">En savoir plus sur Danila<\/a><\/p>\n<p>&nbsp;<\/p>\n<p>&nbsp;<\/p>\n<hr \/>\n<h3><strong>Fiche technique<\/strong><\/h3>\n<ul>\n<li><b>Bouteille <\/b>: 0,75 L<\/li>\n<li><strong>C\u00e9page<\/strong>\u00a0: barbera<\/li>\n<li><strong>Alcool<\/strong>\u00a0: 13\u00b0<\/li>\n<li><strong>Couleur ou type<\/strong> : rouge<\/li>\n<li><strong>Sol<\/strong>\u00a0: argillo-calcaire<\/li>\n<li><strong>Vinification<\/strong>\u00a0: en amphore<\/li>\n<li><strong>Elevage\u00a0:<\/strong> en amphore<\/li>\n<li>Pas de filtrage ni de collage<\/li>\n<\/ul>\n","protected":false},"excerpt":{"rendered":"<p>Fr\u00e8re ain\u00e9 du Saramat, ce barbera est un concentr\u00e9 de fruits, de min\u00e9ralit\u00e9 et de tanins souples apport\u00e9s par le long \u00e9levage sur peau dans des amphores de terre cuite. De caract\u00e8re libre par ses composants juxtapos\u00e9s il se rapproche \u00e0 une rhapsodie de Liszt. Frissons garantis !<\/p>\n","protected":false},"featured_media":1008,"template":"","meta":[],"product_cat":[33],"product_tag":[],"yoast_head":"<!-- This site is optimized with the Yoast SEO plugin v21.8.1 - https:\/\/yoast.com\/wordpress\/plugins\/seo\/ -->\n<title>Dagamo - Ettore Vini - Boutique en ligne de vins naturels<\/title>\n<meta name=\"robots\" content=\"index, follow, max-snippet:-1, max-image-preview:large, max-video-preview:-1\" \/>\n<link rel=\"canonical\" href=\"https:\/\/boutique.ettorevini.fr\/index.php\/produit\/dagamo\/\" \/>\n<meta property=\"og:locale\" content=\"fr_FR\" \/>\n<meta property=\"og:type\" content=\"article\" \/>\n<meta property=\"og:title\" content=\"Dagamo - Ettore Vini - Boutique en ligne de vins naturels\" \/>\n<meta property=\"og:description\" content=\"Fr\u00e8re ain\u00e9 du Saramat, ce barbera est un concentr\u00e9 de fruits, de min\u00e9ralit\u00e9 et de tanins souples apport\u00e9s par le long \u00e9levage sur peau dans des amphores de terre cuite. De caract\u00e8re libre par ses composants juxtapos\u00e9s il se rapproche \u00e0 une rhapsodie de Liszt. Frissons garantis !\" \/>\n<meta property=\"og:url\" content=\"https:\/\/boutique.ettorevini.fr\/index.php\/produit\/dagamo\/\" \/>\n<meta property=\"og:site_name\" content=\"Ettore Vini - Boutique en ligne de vins naturels\" \/>\n<meta property=\"article:publisher\" content=\"https:\/\/www.facebook.com\/AnimaVini\" \/>\n<meta property=\"article:modified_time\" content=\"2023-12-20T12:36:33+00:00\" \/>\n<meta property=\"og:image\" content=\"https:\/\/i0.wp.com\/boutique.ettorevini.fr\/wp-content\/uploads\/2020\/05\/dagamo2-scaled.jpg?fit=1707%2C2560&ssl=1\" \/>\n\t<meta property=\"og:image:width\" content=\"1707\" \/>\n\t<meta property=\"og:image:height\" content=\"2560\" \/>\n\t<meta property=\"og:image:type\" content=\"image\/jpeg\" \/>\n<meta name=\"twitter:card\" content=\"summary_large_image\" \/>\n<script type=\"application\/ld+json\" class=\"yoast-schema-graph\">{\"@context\":\"https:\/\/schema.org\",\"@graph\":[{\"@type\":\"WebPage\",\"@id\":\"https:\/\/boutique.ettorevini.fr\/index.php\/produit\/dagamo\/\",\"url\":\"https:\/\/boutique.ettorevini.fr\/index.php\/produit\/dagamo\/\",\"name\":\"Dagamo - Ettore Vini - Boutique en ligne de vins naturels\",\"isPartOf\":{\"@id\":\"https:\/\/boutique.ettorevini.fr\/#website\"},\"datePublished\":\"2020-05-03T10:36:37+00:00\",\"dateModified\":\"2023-12-20T12:36:33+00:00\",\"breadcrumb\":{\"@id\":\"https:\/\/boutique.ettorevini.fr\/index.php\/produit\/dagamo\/#breadcrumb\"},\"inLanguage\":\"fr-FR\",\"potentialAction\":[{\"@type\":\"ReadAction\",\"target\":[\"https:\/\/boutique.ettorevini.fr\/index.php\/produit\/dagamo\/\"]}]},{\"@type\":\"BreadcrumbList\",\"@id\":\"https:\/\/boutique.ettorevini.fr\/index.php\/produit\/dagamo\/#breadcrumb\",\"itemListElement\":[{\"@type\":\"ListItem\",\"position\":1,\"name\":\"Accueil\",\"item\":\"https:\/\/boutique.ettorevini.fr\/\"},{\"@type\":\"ListItem\",\"position\":2,\"name\":\"LES VINS DE CESAR\",\"item\":\"https:\/\/boutique.ettorevini.fr\/\"},{\"@type\":\"ListItem\",\"position\":3,\"name\":\"Dagamo\"}]},{\"@type\":\"WebSite\",\"@id\":\"https:\/\/boutique.ettorevini.fr\/#website\",\"url\":\"https:\/\/boutique.ettorevini.fr\/\",\"name\":\"Ettore Vini - Boutique en ligne de vins naturels\",\"description\":\"\u00c7a se passe en France depuis 2010\",\"potentialAction\":[{\"@type\":\"SearchAction\",\"target\":{\"@type\":\"EntryPoint\",\"urlTemplate\":\"https:\/\/boutique.ettorevini.fr\/?s={search_term_string}\"},\"query-input\":\"required name=search_term_string\"}],\"inLanguage\":\"fr-FR\"}]}<\/script>\n<!-- \/ Yoast SEO plugin. -->","yoast_head_json":{"title":"Dagamo - Ettore Vini - Boutique en ligne de vins naturels","robots":{"index":"index","follow":"follow","max-snippet":"max-snippet:-1","max-image-preview":"max-image-preview:large","max-video-preview":"max-video-preview:-1"},"canonical":"https:\/\/boutique.ettorevini.fr\/index.php\/produit\/dagamo\/","og_locale":"fr_FR","og_type":"article","og_title":"Dagamo - Ettore Vini - Boutique en ligne de vins naturels","og_description":"Fr\u00e8re ain\u00e9 du Saramat, ce barbera est un concentr\u00e9 de fruits, de min\u00e9ralit\u00e9 et de tanins souples apport\u00e9s par le long \u00e9levage sur peau dans des amphores de terre cuite. De caract\u00e8re libre par ses composants juxtapos\u00e9s il se rapproche \u00e0 une rhapsodie de Liszt. Frissons garantis !","og_url":"https:\/\/boutique.ettorevini.fr\/index.php\/produit\/dagamo\/","og_site_name":"Ettore Vini - Boutique en ligne de vins naturels","article_publisher":"https:\/\/www.facebook.com\/AnimaVini","article_modified_time":"2023-12-20T12:36:33+00:00","og_image":[{"width":1707,"height":2560,"url":"https:\/\/i0.wp.com\/boutique.ettorevini.fr\/wp-content\/uploads\/2020\/05\/dagamo2-scaled.jpg?fit=1707%2C2560&ssl=1","type":"image\/jpeg"}],"twitter_card":"summary_large_image","schema":{"@context":"https:\/\/schema.org","@graph":[{"@type":"WebPage","@id":"https:\/\/boutique.ettorevini.fr\/index.php\/produit\/dagamo\/","url":"https:\/\/boutique.ettorevini.fr\/index.php\/produit\/dagamo\/","name":"Dagamo - Ettore Vini - Boutique en ligne de vins naturels","isPartOf":{"@id":"https:\/\/boutique.ettorevini.fr\/#website"},"datePublished":"2020-05-03T10:36:37+00:00","dateModified":"2023-12-20T12:36:33+00:00","breadcrumb":{"@id":"https:\/\/boutique.ettorevini.fr\/index.php\/produit\/dagamo\/#breadcrumb"},"inLanguage":"fr-FR","potentialAction":[{"@type":"ReadAction","target":["https:\/\/boutique.ettorevini.fr\/index.php\/produit\/dagamo\/"]}]},{"@type":"BreadcrumbList","@id":"https:\/\/boutique.ettorevini.fr\/index.php\/produit\/dagamo\/#breadcrumb","itemListElement":[{"@type":"ListItem","position":1,"name":"Accueil","item":"https:\/\/boutique.ettorevini.fr\/"},{"@type":"ListItem","position":2,"name":"LES VINS DE CESAR","item":"https:\/\/boutique.ettorevini.fr\/"},{"@type":"ListItem","position":3,"name":"Dagamo"}]},{"@type":"WebSite","@id":"https:\/\/boutique.ettorevini.fr\/#website","url":"https:\/\/boutique.ettorevini.fr\/","name":"Ettore Vini - Boutique en ligne de vins naturels","description":"\u00c7a se passe en France depuis 2010","potentialAction":[{"@type":"SearchAction","target":{"@type":"EntryPoint","urlTemplate":"https:\/\/boutique.ettorevini.fr\/?s={search_term_string}"},"query-input":"required name=search_term_string"}],"inLanguage":"fr-FR"}]}},"_links":{"self":[{"href":"https:\/\/boutique.ettorevini.fr\/index.php\/wp-json\/wp\/v2\/product\/508"}],"collection":[{"href":"https:\/\/boutique.ettorevini.fr\/index.php\/wp-json\/wp\/v2\/product"}],"about":[{"href":"https:\/\/boutique.ettorevini.fr\/index.php\/wp-json\/wp\/v2\/types\/product"}],"version-history":[{"count":4,"href":"https:\/\/boutique.ettorevini.fr\/index.php\/wp-json\/wp\/v2\/product\/508\/revisions"}],"predecessor-version":[{"id":1035,"href":"https:\/\/boutique.ettorevini.fr\/index.php\/wp-json\/wp\/v2\/product\/508\/revisions\/1035"}],"wp:featuredmedia":[{"embeddable":true,"href":"https:\/\/boutique.ettorevini.fr\/index.php\/wp-json\/wp\/v2\/media\/1008"}],"wp:attachment":[{"href":"https:\/\/boutique.ettorevini.fr\/index.php\/wp-json\/wp\/v2\/media?parent=508"}],"wp:term":[{"taxonomy":"product_cat","embeddable":true,"href":"https:\/\/boutique.ettorevini.fr\/index.php\/wp-json\/wp\/v2\/product_cat?post=508"},{"taxonomy":"product_tag","embeddable":true,"href":"https:\/\/boutique.ettorevini.fr\/index.php\/wp-json\/wp\/v2\/product_tag?post=508"}],"curies":[{"name":"wp","href":"https:\/\/api.w.org\/{rel}","templated":true}]}}