{"id":506,"date":"2020-05-03T12:36:37","date_gmt":"2020-05-03T10:36:37","guid":{"rendered":"http:\/\/boutique.ettorevini.fr\/index.php\/produit\/import-placeholder-for-117\/"},"modified":"2022-09-01T15:04:39","modified_gmt":"2022-09-01T13:04:39","slug":"fricando","status":"publish","type":"product","link":"https:\/\/boutique.ettorevini.fr\/index.php\/produit\/fricando\/","title":{"rendered":"Fricando"},"content":{"rendered":"<h2><strong>Producteur<\/strong><\/h2>\n<hr \/>\n<h3><strong>Danila MONGARDI &#8211; Al di l\u00e0 del Fiume<\/strong><\/h3>\n<p><img decoding=\"async\" class=\"alignleft wp-image-527 size-thumbnail\" src=\"https:\/\/i0.wp.com\/boutique.ettorevini.fr\/wp-content\/uploads\/2020\/05\/DanilaCL.jpg?resize=150%2C150&#038;ssl=1\" alt=\"\" width=\"150\" height=\"150\" srcset=\"https:\/\/i0.wp.com\/boutique.ettorevini.fr\/wp-content\/uploads\/2020\/05\/DanilaCL.jpg?resize=150%2C150&amp;ssl=1 150w, https:\/\/i0.wp.com\/boutique.ettorevini.fr\/wp-content\/uploads\/2020\/05\/DanilaCL.jpg?resize=100%2C100&amp;ssl=1 100w, https:\/\/i0.wp.com\/boutique.ettorevini.fr\/wp-content\/uploads\/2020\/05\/DanilaCL.jpg?resize=600%2C600&amp;ssl=1 600w, https:\/\/i0.wp.com\/boutique.ettorevini.fr\/wp-content\/uploads\/2020\/05\/DanilaCL.jpg?resize=300%2C300&amp;ssl=1 300w, https:\/\/i0.wp.com\/boutique.ettorevini.fr\/wp-content\/uploads\/2020\/05\/DanilaCL.jpg?resize=768%2C768&amp;ssl=1 768w, https:\/\/i0.wp.com\/boutique.ettorevini.fr\/wp-content\/uploads\/2020\/05\/DanilaCL.jpg?w=1024&amp;ssl=1 1024w\" sizes=\"(max-width: 150px) 100vw, 150px\" data-recalc-dims=\"1\" \/><\/p>\n<p>Ce jeune domaine exploit\u00e9 par Danila MONGARDI et compos\u00e9 de 27 ha. dont seuls 3 sont implant\u00e9s en vigne, le reste \u00e9tant un projet de biodiversit\u00e9 avec un potager, un verger, un \u00e9tang, des animaux, tout ce qui peut \u00eatre fonctionnel \u00e0 son autonomie.<\/p>\n<p><a href=\"\/index.php\/les-terroiristes\/#danila\">En savoir plus sur Danila<\/a><\/p>\n<p>&nbsp;<\/p>\n<p>&nbsp;<\/p>\n<hr \/>\n<h3><strong>Fiche technique<\/strong><\/h3>\n<p>&nbsp;<\/p>\n<ul>\n<li><b>Bouteille <\/b>: 0,75 L<\/li>\n<li><strong>C\u00e9page<\/strong>\u00a0: albana<\/li>\n<li><strong>Alcool<\/strong>\u00a0: 13\u00b0<\/li>\n<li><strong>Couleur ou type<\/strong> : blanc de mac\u00e9ration<\/li>\n<li><strong>Sol<\/strong>\u00a0: argillo-calcaire<\/li>\n<li><strong>Vinification<\/strong>\u00a0: en amphore en terre cuite de 800 lt pendant 3 mois<\/li>\n<li><strong>Elevage\u00a0:<\/strong> 6 mois en amphore de terre cuite<\/li>\n<li>Pas de filtrage ni de collage<\/li>\n<\/ul>\n","protected":false},"excerpt":{"rendered":"<p>La mac\u00e9ration pelliculaire dans des amphores de terre cuite donne \u00e0 ce liquide une magie toute particuli\u00e8re, fra\u00eecheur et tanins se m\u00e9langent \u00e0 un fruit\u00e9 accentu\u00e9. Notes agrum\u00e9es, \u00e9pices douces, miel, senteurs herbac\u00e9es tout un potentiel envelopp\u00e9 de myst\u00e8re \u00e0 chaque gorg\u00e9e. Un vin \u00e0 l\u2019\u00e9nergie d\u00e9bordante.<\/p>\n","protected":false},"featured_media":601,"template":"","meta":[],"product_cat":[32],"product_tag":[47,46],"yoast_head":"<!-- This site is optimized with the Yoast SEO plugin v21.8.1 - https:\/\/yoast.com\/wordpress\/plugins\/seo\/ -->\n<title>Fricando - Ettore Vini - Boutique en ligne de vins naturels<\/title>\n<meta name=\"robots\" content=\"index, follow, max-snippet:-1, max-image-preview:large, max-video-preview:-1\" \/>\n<link rel=\"canonical\" href=\"https:\/\/boutique.ettorevini.fr\/index.php\/produit\/fricando\/\" \/>\n<meta property=\"og:locale\" content=\"fr_FR\" \/>\n<meta property=\"og:type\" content=\"article\" \/>\n<meta property=\"og:title\" content=\"Fricando - Ettore Vini - Boutique en ligne de vins naturels\" \/>\n<meta property=\"og:description\" content=\"La mac\u00e9ration pelliculaire dans des amphores de terre cuite donne \u00e0 ce liquide une magie toute particuli\u00e8re, fra\u00eecheur et tanins se m\u00e9langent \u00e0 un fruit\u00e9 accentu\u00e9. Notes agrum\u00e9es, \u00e9pices douces, miel, senteurs herbac\u00e9es tout un potentiel envelopp\u00e9 de myst\u00e8re \u00e0 chaque gorg\u00e9e. Un vin \u00e0 l\u2019\u00e9nergie d\u00e9bordante.\" \/>\n<meta property=\"og:url\" content=\"https:\/\/boutique.ettorevini.fr\/index.php\/produit\/fricando\/\" \/>\n<meta property=\"og:site_name\" content=\"Ettore Vini - Boutique en ligne de vins naturels\" \/>\n<meta property=\"article:publisher\" content=\"https:\/\/www.facebook.com\/AnimaVini\" \/>\n<meta property=\"article:modified_time\" content=\"2022-09-01T13:04:39+00:00\" \/>\n<meta property=\"og:image\" content=\"https:\/\/i0.wp.com\/boutique.ettorevini.fr\/wp-content\/uploads\/2020\/05\/fricando-scaled.jpg?fit=1707%2C2560&ssl=1\" \/>\n\t<meta property=\"og:image:width\" content=\"1707\" \/>\n\t<meta property=\"og:image:height\" content=\"2560\" \/>\n\t<meta property=\"og:image:type\" content=\"image\/jpeg\" \/>\n<meta name=\"twitter:card\" content=\"summary_large_image\" \/>\n<script type=\"application\/ld+json\" class=\"yoast-schema-graph\">{\"@context\":\"https:\/\/schema.org\",\"@graph\":[{\"@type\":\"WebPage\",\"@id\":\"https:\/\/boutique.ettorevini.fr\/index.php\/produit\/fricando\/\",\"url\":\"https:\/\/boutique.ettorevini.fr\/index.php\/produit\/fricando\/\",\"name\":\"Fricando - Ettore Vini - Boutique en ligne de vins naturels\",\"isPartOf\":{\"@id\":\"https:\/\/boutique.ettorevini.fr\/#website\"},\"datePublished\":\"2020-05-03T10:36:37+00:00\",\"dateModified\":\"2022-09-01T13:04:39+00:00\",\"breadcrumb\":{\"@id\":\"https:\/\/boutique.ettorevini.fr\/index.php\/produit\/fricando\/#breadcrumb\"},\"inLanguage\":\"fr-FR\",\"potentialAction\":[{\"@type\":\"ReadAction\",\"target\":[\"https:\/\/boutique.ettorevini.fr\/index.php\/produit\/fricando\/\"]}]},{\"@type\":\"BreadcrumbList\",\"@id\":\"https:\/\/boutique.ettorevini.fr\/index.php\/produit\/fricando\/#breadcrumb\",\"itemListElement\":[{\"@type\":\"ListItem\",\"position\":1,\"name\":\"Accueil\",\"item\":\"https:\/\/boutique.ettorevini.fr\/\"},{\"@type\":\"ListItem\",\"position\":2,\"name\":\"LES VINS DE CESAR\",\"item\":\"https:\/\/boutique.ettorevini.fr\/\"},{\"@type\":\"ListItem\",\"position\":3,\"name\":\"Fricando\"}]},{\"@type\":\"WebSite\",\"@id\":\"https:\/\/boutique.ettorevini.fr\/#website\",\"url\":\"https:\/\/boutique.ettorevini.fr\/\",\"name\":\"Ettore Vini - Boutique en ligne de vins naturels\",\"description\":\"\u00c7a se passe en France depuis 2010\",\"potentialAction\":[{\"@type\":\"SearchAction\",\"target\":{\"@type\":\"EntryPoint\",\"urlTemplate\":\"https:\/\/boutique.ettorevini.fr\/?s={search_term_string}\"},\"query-input\":\"required name=search_term_string\"}],\"inLanguage\":\"fr-FR\"}]}<\/script>\n<!-- \/ Yoast SEO plugin. -->","yoast_head_json":{"title":"Fricando - Ettore Vini - Boutique en ligne de vins naturels","robots":{"index":"index","follow":"follow","max-snippet":"max-snippet:-1","max-image-preview":"max-image-preview:large","max-video-preview":"max-video-preview:-1"},"canonical":"https:\/\/boutique.ettorevini.fr\/index.php\/produit\/fricando\/","og_locale":"fr_FR","og_type":"article","og_title":"Fricando - Ettore Vini - Boutique en ligne de vins naturels","og_description":"La mac\u00e9ration pelliculaire dans des amphores de terre cuite donne \u00e0 ce liquide une magie toute particuli\u00e8re, fra\u00eecheur et tanins se m\u00e9langent \u00e0 un fruit\u00e9 accentu\u00e9. Notes agrum\u00e9es, \u00e9pices douces, miel, senteurs herbac\u00e9es tout un potentiel envelopp\u00e9 de myst\u00e8re \u00e0 chaque gorg\u00e9e. Un vin \u00e0 l\u2019\u00e9nergie d\u00e9bordante.","og_url":"https:\/\/boutique.ettorevini.fr\/index.php\/produit\/fricando\/","og_site_name":"Ettore Vini - Boutique en ligne de vins naturels","article_publisher":"https:\/\/www.facebook.com\/AnimaVini","article_modified_time":"2022-09-01T13:04:39+00:00","og_image":[{"width":1707,"height":2560,"url":"https:\/\/i0.wp.com\/boutique.ettorevini.fr\/wp-content\/uploads\/2020\/05\/fricando-scaled.jpg?fit=1707%2C2560&ssl=1","type":"image\/jpeg"}],"twitter_card":"summary_large_image","schema":{"@context":"https:\/\/schema.org","@graph":[{"@type":"WebPage","@id":"https:\/\/boutique.ettorevini.fr\/index.php\/produit\/fricando\/","url":"https:\/\/boutique.ettorevini.fr\/index.php\/produit\/fricando\/","name":"Fricando - Ettore Vini - Boutique en ligne de vins naturels","isPartOf":{"@id":"https:\/\/boutique.ettorevini.fr\/#website"},"datePublished":"2020-05-03T10:36:37+00:00","dateModified":"2022-09-01T13:04:39+00:00","breadcrumb":{"@id":"https:\/\/boutique.ettorevini.fr\/index.php\/produit\/fricando\/#breadcrumb"},"inLanguage":"fr-FR","potentialAction":[{"@type":"ReadAction","target":["https:\/\/boutique.ettorevini.fr\/index.php\/produit\/fricando\/"]}]},{"@type":"BreadcrumbList","@id":"https:\/\/boutique.ettorevini.fr\/index.php\/produit\/fricando\/#breadcrumb","itemListElement":[{"@type":"ListItem","position":1,"name":"Accueil","item":"https:\/\/boutique.ettorevini.fr\/"},{"@type":"ListItem","position":2,"name":"LES VINS DE CESAR","item":"https:\/\/boutique.ettorevini.fr\/"},{"@type":"ListItem","position":3,"name":"Fricando"}]},{"@type":"WebSite","@id":"https:\/\/boutique.ettorevini.fr\/#website","url":"https:\/\/boutique.ettorevini.fr\/","name":"Ettore Vini - Boutique en ligne de vins naturels","description":"\u00c7a se passe en France depuis 2010","potentialAction":[{"@type":"SearchAction","target":{"@type":"EntryPoint","urlTemplate":"https:\/\/boutique.ettorevini.fr\/?s={search_term_string}"},"query-input":"required name=search_term_string"}],"inLanguage":"fr-FR"}]}},"_links":{"self":[{"href":"https:\/\/boutique.ettorevini.fr\/index.php\/wp-json\/wp\/v2\/product\/506"}],"collection":[{"href":"https:\/\/boutique.ettorevini.fr\/index.php\/wp-json\/wp\/v2\/product"}],"about":[{"href":"https:\/\/boutique.ettorevini.fr\/index.php\/wp-json\/wp\/v2\/types\/product"}],"version-history":[{"count":4,"href":"https:\/\/boutique.ettorevini.fr\/index.php\/wp-json\/wp\/v2\/product\/506\/revisions"}],"predecessor-version":[{"id":965,"href":"https:\/\/boutique.ettorevini.fr\/index.php\/wp-json\/wp\/v2\/product\/506\/revisions\/965"}],"wp:featuredmedia":[{"embeddable":true,"href":"https:\/\/boutique.ettorevini.fr\/index.php\/wp-json\/wp\/v2\/media\/601"}],"wp:attachment":[{"href":"https:\/\/boutique.ettorevini.fr\/index.php\/wp-json\/wp\/v2\/media?parent=506"}],"wp:term":[{"taxonomy":"product_cat","embeddable":true,"href":"https:\/\/boutique.ettorevini.fr\/index.php\/wp-json\/wp\/v2\/product_cat?post=506"},{"taxonomy":"product_tag","embeddable":true,"href":"https:\/\/boutique.ettorevini.fr\/index.php\/wp-json\/wp\/v2\/product_tag?post=506"}],"curies":[{"name":"wp","href":"https:\/\/api.w.org\/{rel}","templated":true}]}}