{"id":503,"date":"2020-05-03T12:36:37","date_gmt":"2020-05-03T10:36:37","guid":{"rendered":"http:\/\/boutique.ettorevini.fr\/index.php\/produit\/import-placeholder-for-114\/"},"modified":"2021-01-29T13:05:08","modified_gmt":"2021-01-29T12:05:08","slug":"teran","status":"publish","type":"product","link":"https:\/\/boutique.ettorevini.fr\/index.php\/produit\/teran\/","title":{"rendered":"Teran"},"content":{"rendered":"<h2><strong>Producteur<\/strong><\/h2>\n<hr \/>\n<h3><strong>Benjamin ZIDARICH &#8211; Zidarich<\/strong><\/h3>\n<p><img decoding=\"async\" class=\"wp-image-526 size-thumbnail alignleft\" src=\"https:\/\/i0.wp.com\/boutique.ettorevini.fr\/wp-content\/uploads\/2020\/05\/Benjamin-CL.jpg?resize=150%2C150&#038;ssl=1\" alt=\"\" width=\"150\" height=\"150\" srcset=\"https:\/\/i0.wp.com\/boutique.ettorevini.fr\/wp-content\/uploads\/2020\/05\/Benjamin-CL.jpg?resize=150%2C150&amp;ssl=1 150w, https:\/\/i0.wp.com\/boutique.ettorevini.fr\/wp-content\/uploads\/2020\/05\/Benjamin-CL.jpg?resize=100%2C100&amp;ssl=1 100w, https:\/\/i0.wp.com\/boutique.ettorevini.fr\/wp-content\/uploads\/2020\/05\/Benjamin-CL.jpg?resize=600%2C600&amp;ssl=1 600w, https:\/\/i0.wp.com\/boutique.ettorevini.fr\/wp-content\/uploads\/2020\/05\/Benjamin-CL.jpg?resize=300%2C300&amp;ssl=1 300w, https:\/\/i0.wp.com\/boutique.ettorevini.fr\/wp-content\/uploads\/2020\/05\/Benjamin-CL.jpg?resize=768%2C768&amp;ssl=1 768w, https:\/\/i0.wp.com\/boutique.ettorevini.fr\/wp-content\/uploads\/2020\/05\/Benjamin-CL.jpg?w=1024&amp;ssl=1 1024w\" sizes=\"(max-width: 150px) 100vw, 150px\" data-recalc-dims=\"1\" \/>Situ\u00e9e pr\u00e8s de Trieste, l\u2019exploitation Zidarich, compos\u00e9e de 8 ha, est en plein milieu du Karst, une zone entre l\u2019Italie, la Slov\u00e9nie et la Croatie. Le Karst, terrain \u00e0 la nature tr\u00e8s complexe, est form\u00e9 par les fameuses \u00ab terre rosse \u00bb, un sol ferrugineux aux couleurs rouge\u00e2tres. La bora, vent aux rafales brutales, apporte ainsi de l\u2019eau de mer sur les vignes et compl\u00e8te un terroir qui donne aux vins cette expression tr\u00e8s originale<\/p>\n<p><a href=\"\/index.php\/les-terroiristes\/#benjamin\">en savoir plus sur le vigneron<\/a><\/p>\n<p>&nbsp;<\/p>\n<p>&nbsp;<\/p>\n<hr \/>\n<h3><strong>Fiche technique<\/strong><\/h3>\n<ul>\n<li><b>Bouteille <\/b>: 0,75 L<\/li>\n<li><strong>C\u00e9page<\/strong>\u00a0: teran<\/li>\n<li><strong>Alcool<\/strong>\u00a0: 12\u00b0<\/li>\n<li><strong>Couleur ou type<\/strong> : rouge<\/li>\n<li><strong>Sol<\/strong>\u00a0: Karst, plateau de calcaire rocheux et surface de terre ferrugineuse<\/li>\n<li><strong>Vinification<\/strong>\u00a0: mac\u00e9ration en foudre ouverte, plusieurs b\u00e2ttonages par jour<\/li>\n<li><strong>\u00c9levage<\/strong>\u00a0: 24 mois en barrique de ch\u00eane de Slavonie<\/li>\n<li>Pas de filtrage ni de collage<\/li>\n<\/ul>\n","protected":false},"excerpt":{"rendered":"<p>Le mythe de la Fontaine de Jouvence est \u00e0 l\u2019int\u00e9rieur de cette bouteille. D\u00e9cryptage\u00a0: gr\u00e2ce \u00e0 ses particularit\u00e9s, ce c\u00e9page teran restera \u00ab\u00a0vert\u00a0\u00bb donnant pendant longtemps des sensations de fruits comme la m\u00fbre et la fraise. Herbes officinales et r\u00e9glisse se joignent \u00e0 la concentration d\u2019une belle \u00e9nergie avec une faible teneur en alcool. Un vin High-voltage.<\/p>\n","protected":false},"featured_media":607,"template":"","meta":[],"product_cat":[33],"product_tag":[54],"yoast_head":"<!-- This site is optimized with the Yoast SEO plugin v21.8.1 - https:\/\/yoast.com\/wordpress\/plugins\/seo\/ -->\n<title>Teran - Ettore Vini - Boutique en ligne de vins naturels<\/title>\n<meta name=\"robots\" content=\"index, follow, max-snippet:-1, max-image-preview:large, max-video-preview:-1\" \/>\n<link rel=\"canonical\" href=\"https:\/\/boutique.ettorevini.fr\/index.php\/produit\/teran\/\" \/>\n<meta property=\"og:locale\" content=\"fr_FR\" \/>\n<meta property=\"og:type\" content=\"article\" \/>\n<meta property=\"og:title\" content=\"Teran - Ettore Vini - Boutique en ligne de vins naturels\" \/>\n<meta property=\"og:description\" content=\"Le mythe de la Fontaine de Jouvence est \u00e0 l\u2019int\u00e9rieur de cette bouteille. D\u00e9cryptage\u00a0: gr\u00e2ce \u00e0 ses particularit\u00e9s, ce c\u00e9page teran restera \u00ab\u00a0vert\u00a0\u00bb donnant pendant longtemps des sensations de fruits comme la m\u00fbre et la fraise. Herbes officinales et r\u00e9glisse se joignent \u00e0 la concentration d\u2019une belle \u00e9nergie avec une faible teneur en alcool. Un vin High-voltage.\" \/>\n<meta property=\"og:url\" content=\"https:\/\/boutique.ettorevini.fr\/index.php\/produit\/teran\/\" \/>\n<meta property=\"og:site_name\" content=\"Ettore Vini - Boutique en ligne de vins naturels\" \/>\n<meta property=\"article:publisher\" content=\"https:\/\/www.facebook.com\/AnimaVini\" \/>\n<meta property=\"article:modified_time\" content=\"2021-01-29T12:05:08+00:00\" \/>\n<meta property=\"og:image\" content=\"https:\/\/i0.wp.com\/boutique.ettorevini.fr\/wp-content\/uploads\/2020\/05\/teran-scaled.jpg?fit=1707%2C2560&ssl=1\" \/>\n\t<meta property=\"og:image:width\" content=\"1707\" \/>\n\t<meta property=\"og:image:height\" content=\"2560\" \/>\n\t<meta property=\"og:image:type\" content=\"image\/jpeg\" \/>\n<meta name=\"twitter:card\" content=\"summary_large_image\" \/>\n<meta name=\"twitter:label1\" content=\"Dur\u00e9e de lecture estim\u00e9e\" \/>\n\t<meta name=\"twitter:data1\" content=\"1 minute\" \/>\n<script type=\"application\/ld+json\" class=\"yoast-schema-graph\">{\"@context\":\"https:\/\/schema.org\",\"@graph\":[{\"@type\":\"WebPage\",\"@id\":\"https:\/\/boutique.ettorevini.fr\/index.php\/produit\/teran\/\",\"url\":\"https:\/\/boutique.ettorevini.fr\/index.php\/produit\/teran\/\",\"name\":\"Teran - Ettore Vini - Boutique en ligne de vins naturels\",\"isPartOf\":{\"@id\":\"https:\/\/boutique.ettorevini.fr\/#website\"},\"datePublished\":\"2020-05-03T10:36:37+00:00\",\"dateModified\":\"2021-01-29T12:05:08+00:00\",\"breadcrumb\":{\"@id\":\"https:\/\/boutique.ettorevini.fr\/index.php\/produit\/teran\/#breadcrumb\"},\"inLanguage\":\"fr-FR\",\"potentialAction\":[{\"@type\":\"ReadAction\",\"target\":[\"https:\/\/boutique.ettorevini.fr\/index.php\/produit\/teran\/\"]}]},{\"@type\":\"BreadcrumbList\",\"@id\":\"https:\/\/boutique.ettorevini.fr\/index.php\/produit\/teran\/#breadcrumb\",\"itemListElement\":[{\"@type\":\"ListItem\",\"position\":1,\"name\":\"Accueil\",\"item\":\"https:\/\/boutique.ettorevini.fr\/\"},{\"@type\":\"ListItem\",\"position\":2,\"name\":\"LES VINS DE CESAR\",\"item\":\"https:\/\/boutique.ettorevini.fr\/\"},{\"@type\":\"ListItem\",\"position\":3,\"name\":\"Teran\"}]},{\"@type\":\"WebSite\",\"@id\":\"https:\/\/boutique.ettorevini.fr\/#website\",\"url\":\"https:\/\/boutique.ettorevini.fr\/\",\"name\":\"Ettore Vini - Boutique en ligne de vins naturels\",\"description\":\"\u00c7a se passe en France depuis 2010\",\"potentialAction\":[{\"@type\":\"SearchAction\",\"target\":{\"@type\":\"EntryPoint\",\"urlTemplate\":\"https:\/\/boutique.ettorevini.fr\/?s={search_term_string}\"},\"query-input\":\"required name=search_term_string\"}],\"inLanguage\":\"fr-FR\"}]}<\/script>\n<!-- \/ Yoast SEO plugin. -->","yoast_head_json":{"title":"Teran - Ettore Vini - Boutique en ligne de vins naturels","robots":{"index":"index","follow":"follow","max-snippet":"max-snippet:-1","max-image-preview":"max-image-preview:large","max-video-preview":"max-video-preview:-1"},"canonical":"https:\/\/boutique.ettorevini.fr\/index.php\/produit\/teran\/","og_locale":"fr_FR","og_type":"article","og_title":"Teran - Ettore Vini - Boutique en ligne de vins naturels","og_description":"Le mythe de la Fontaine de Jouvence est \u00e0 l\u2019int\u00e9rieur de cette bouteille. D\u00e9cryptage\u00a0: gr\u00e2ce \u00e0 ses particularit\u00e9s, ce c\u00e9page teran restera \u00ab\u00a0vert\u00a0\u00bb donnant pendant longtemps des sensations de fruits comme la m\u00fbre et la fraise. Herbes officinales et r\u00e9glisse se joignent \u00e0 la concentration d\u2019une belle \u00e9nergie avec une faible teneur en alcool. Un vin High-voltage.","og_url":"https:\/\/boutique.ettorevini.fr\/index.php\/produit\/teran\/","og_site_name":"Ettore Vini - Boutique en ligne de vins naturels","article_publisher":"https:\/\/www.facebook.com\/AnimaVini","article_modified_time":"2021-01-29T12:05:08+00:00","og_image":[{"width":1707,"height":2560,"url":"https:\/\/i0.wp.com\/boutique.ettorevini.fr\/wp-content\/uploads\/2020\/05\/teran-scaled.jpg?fit=1707%2C2560&ssl=1","type":"image\/jpeg"}],"twitter_card":"summary_large_image","twitter_misc":{"Dur\u00e9e de lecture estim\u00e9e":"1 minute"},"schema":{"@context":"https:\/\/schema.org","@graph":[{"@type":"WebPage","@id":"https:\/\/boutique.ettorevini.fr\/index.php\/produit\/teran\/","url":"https:\/\/boutique.ettorevini.fr\/index.php\/produit\/teran\/","name":"Teran - Ettore Vini - Boutique en ligne de vins naturels","isPartOf":{"@id":"https:\/\/boutique.ettorevini.fr\/#website"},"datePublished":"2020-05-03T10:36:37+00:00","dateModified":"2021-01-29T12:05:08+00:00","breadcrumb":{"@id":"https:\/\/boutique.ettorevini.fr\/index.php\/produit\/teran\/#breadcrumb"},"inLanguage":"fr-FR","potentialAction":[{"@type":"ReadAction","target":["https:\/\/boutique.ettorevini.fr\/index.php\/produit\/teran\/"]}]},{"@type":"BreadcrumbList","@id":"https:\/\/boutique.ettorevini.fr\/index.php\/produit\/teran\/#breadcrumb","itemListElement":[{"@type":"ListItem","position":1,"name":"Accueil","item":"https:\/\/boutique.ettorevini.fr\/"},{"@type":"ListItem","position":2,"name":"LES VINS DE CESAR","item":"https:\/\/boutique.ettorevini.fr\/"},{"@type":"ListItem","position":3,"name":"Teran"}]},{"@type":"WebSite","@id":"https:\/\/boutique.ettorevini.fr\/#website","url":"https:\/\/boutique.ettorevini.fr\/","name":"Ettore Vini - Boutique en ligne de vins naturels","description":"\u00c7a se passe en France depuis 2010","potentialAction":[{"@type":"SearchAction","target":{"@type":"EntryPoint","urlTemplate":"https:\/\/boutique.ettorevini.fr\/?s={search_term_string}"},"query-input":"required name=search_term_string"}],"inLanguage":"fr-FR"}]}},"_links":{"self":[{"href":"https:\/\/boutique.ettorevini.fr\/index.php\/wp-json\/wp\/v2\/product\/503"}],"collection":[{"href":"https:\/\/boutique.ettorevini.fr\/index.php\/wp-json\/wp\/v2\/product"}],"about":[{"href":"https:\/\/boutique.ettorevini.fr\/index.php\/wp-json\/wp\/v2\/types\/product"}],"version-history":[{"count":8,"href":"https:\/\/boutique.ettorevini.fr\/index.php\/wp-json\/wp\/v2\/product\/503\/revisions"}],"predecessor-version":[{"id":1059,"href":"https:\/\/boutique.ettorevini.fr\/index.php\/wp-json\/wp\/v2\/product\/503\/revisions\/1059"}],"wp:featuredmedia":[{"embeddable":true,"href":"https:\/\/boutique.ettorevini.fr\/index.php\/wp-json\/wp\/v2\/media\/607"}],"wp:attachment":[{"href":"https:\/\/boutique.ettorevini.fr\/index.php\/wp-json\/wp\/v2\/media?parent=503"}],"wp:term":[{"taxonomy":"product_cat","embeddable":true,"href":"https:\/\/boutique.ettorevini.fr\/index.php\/wp-json\/wp\/v2\/product_cat?post=503"},{"taxonomy":"product_tag","embeddable":true,"href":"https:\/\/boutique.ettorevini.fr\/index.php\/wp-json\/wp\/v2\/product_tag?post=503"}],"curies":[{"name":"wp","href":"https:\/\/api.w.org\/{rel}","templated":true}]}}