{"id":496,"date":"2020-05-03T12:36:36","date_gmt":"2020-05-03T10:36:36","guid":{"rendered":"http:\/\/boutique.ettorevini.fr\/index.php\/produit\/import-placeholder-for-107\/"},"modified":"2024-01-31T21:59:29","modified_gmt":"2024-01-31T20:59:29","slug":"follia-rosso","status":"publish","type":"product","link":"https:\/\/boutique.ettorevini.fr\/index.php\/produit\/follia-rosso\/","title":{"rendered":"Follia rosso"},"content":{"rendered":"<h2><strong>Producteur<\/strong><\/h2>\n<hr \/>\n<h3><strong>Matteo CERACCHI &#8211; Piana dei Castelli<\/strong><\/h3>\n<p><a href=\"\/matteo-ceracchi\"><img decoding=\"async\" class=\"wp-image-439 alignleft\" src=\"https:\/\/i0.wp.com\/boutique.ettorevini.fr\/wp-content\/uploads\/2020\/05\/matteo-CL.jpg?resize=108%2C108&#038;ssl=1\" alt=\"\" width=\"108\" height=\"108\" srcset=\"https:\/\/i0.wp.com\/boutique.ettorevini.fr\/wp-content\/uploads\/2020\/05\/matteo-CL.jpg?resize=150%2C150&amp;ssl=1 150w, https:\/\/i0.wp.com\/boutique.ettorevini.fr\/wp-content\/uploads\/2020\/05\/matteo-CL.jpg?resize=100%2C100&amp;ssl=1 100w, https:\/\/i0.wp.com\/boutique.ettorevini.fr\/wp-content\/uploads\/2020\/05\/matteo-CL.jpg?resize=600%2C600&amp;ssl=1 600w, https:\/\/i0.wp.com\/boutique.ettorevini.fr\/wp-content\/uploads\/2020\/05\/matteo-CL.jpg?resize=300%2C300&amp;ssl=1 300w, https:\/\/i0.wp.com\/boutique.ettorevini.fr\/wp-content\/uploads\/2020\/05\/matteo-CL.jpg?resize=768%2C768&amp;ssl=1 768w, https:\/\/i0.wp.com\/boutique.ettorevini.fr\/wp-content\/uploads\/2020\/05\/matteo-CL.jpg?w=1024&amp;ssl=1 1024w\" sizes=\"(max-width: 108px) 100vw, 108px\" data-recalc-dims=\"1\" \/><\/a>A la t\u00eate de ce domaine, Matteo Ceracchi travaille dans le plein respect des rythmes, des cycles et des forces de la nature. Il pratique une viticulture biologique et biodynamique avec <!--more-->m\u00e9ticulosit\u00e9 et arrive \u00e0 exprimer au maximum les sp\u00e9cificit\u00e9s des sols cultiv\u00e9s. Des terrains abandonn\u00e9s ont \u00e9t\u00e9 acquis et replant\u00e9s par ce jeune vigneron plein d\u2019\u00e9nergie de la province romaine.<\/p>\n<p><a href=\"\/index.php\/les-terroiristes\/#matteo\">En savoir plus sur Matteo<\/a><\/p>\n<hr \/>\n<h3><strong>Fiche technique<\/strong><\/h3>\n<ul>\n<li><b>Bouteille <\/b>: 0,75 L<\/li>\n<li><strong>C\u00e9page<\/strong>\u00a0: cesanese<\/li>\n<li><strong>Type\u00a0<\/strong>: rouge costaud<\/li>\n<li><strong>Sol\u00a0<\/strong>:\u00a0tuffeau-calcaire<\/li>\n<li><strong>Alcool\u00a0<\/strong>: 14\u00b0<\/li>\n<li><strong>\u00c9levage\u00a0<\/strong>: 48 mois sur lies fines<\/li>\n<\/ul>\n","protected":false},"excerpt":{"rendered":"<p>Si vous voulez boire comme un centurion, voici l\u2019occasion. \u00c9l\u00e9gant et harmonieux, provocateur en bouche avec sa pr\u00e9sence, il s\u00e9duit par sa souplesse. Il est issu d\u2019un c\u00e9page local nomm\u00e9 cesanese. Vous ne le connaissez pas\u00a0? Pas grave, les Italiens non plus, puisqu\u2019il est localis\u00e9 dans un petit p\u00e9rim\u00e8tre dans le Latium. Au nez, on dirait qu\u2019il fait l\u2019objet d\u2019un passage en f\u00fbt de ch\u00eane alors que, faute de sous, il n\u2019y a pas de foudre au chai du domaine. La touche bois\u00e9e est due \u00e0 une p\u00e9riode de mac\u00e9ration pelliculaire avec les p\u00e9pins \u2014 diable de Matteo !<\/p>\n","protected":false},"featured_media":1018,"template":"","meta":[],"product_cat":[33],"product_tag":[42,41],"yoast_head":"<!-- This site is optimized with the Yoast SEO plugin v21.8.1 - https:\/\/yoast.com\/wordpress\/plugins\/seo\/ -->\n<title>Follia rosso - Ettore Vini - Boutique en ligne de vins naturels<\/title>\n<meta name=\"robots\" content=\"index, follow, max-snippet:-1, max-image-preview:large, max-video-preview:-1\" \/>\n<link rel=\"canonical\" href=\"https:\/\/boutique.ettorevini.fr\/index.php\/produit\/follia-rosso\/\" \/>\n<meta property=\"og:locale\" content=\"fr_FR\" \/>\n<meta property=\"og:type\" content=\"article\" \/>\n<meta property=\"og:title\" content=\"Follia rosso - Ettore Vini - Boutique en ligne de vins naturels\" \/>\n<meta property=\"og:description\" content=\"Si vous voulez boire comme un centurion, voici l\u2019occasion. \u00c9l\u00e9gant et harmonieux, provocateur en bouche avec sa pr\u00e9sence, il s\u00e9duit par sa souplesse. Il est issu d\u2019un c\u00e9page local nomm\u00e9 cesanese. Vous ne le connaissez pas\u00a0? Pas grave, les Italiens non plus, puisqu\u2019il est localis\u00e9 dans un petit p\u00e9rim\u00e8tre dans le Latium. Au nez, on dirait qu\u2019il fait l\u2019objet d\u2019un passage en f\u00fbt de ch\u00eane alors que, faute de sous, il n\u2019y a pas de foudre au chai du domaine. La touche bois\u00e9e est due \u00e0 une p\u00e9riode de mac\u00e9ration pelliculaire avec les p\u00e9pins \u2014 diable de Matteo !\" \/>\n<meta property=\"og:url\" content=\"https:\/\/boutique.ettorevini.fr\/index.php\/produit\/follia-rosso\/\" \/>\n<meta property=\"og:site_name\" content=\"Ettore Vini - Boutique en ligne de vins naturels\" \/>\n<meta property=\"article:publisher\" content=\"https:\/\/www.facebook.com\/AnimaVini\" \/>\n<meta property=\"article:modified_time\" content=\"2024-01-31T20:59:29+00:00\" \/>\n<meta property=\"og:image\" content=\"https:\/\/i0.wp.com\/boutique.ettorevini.fr\/wp-content\/uploads\/2020\/05\/follia-rosso-scaled.jpg?fit=1707%2C2560&ssl=1\" \/>\n\t<meta property=\"og:image:width\" content=\"1707\" \/>\n\t<meta property=\"og:image:height\" content=\"2560\" \/>\n\t<meta property=\"og:image:type\" content=\"image\/jpeg\" \/>\n<meta name=\"twitter:card\" content=\"summary_large_image\" \/>\n<script type=\"application\/ld+json\" class=\"yoast-schema-graph\">{\"@context\":\"https:\/\/schema.org\",\"@graph\":[{\"@type\":\"WebPage\",\"@id\":\"https:\/\/boutique.ettorevini.fr\/index.php\/produit\/follia-rosso\/\",\"url\":\"https:\/\/boutique.ettorevini.fr\/index.php\/produit\/follia-rosso\/\",\"name\":\"Follia rosso - Ettore Vini - Boutique en ligne de vins naturels\",\"isPartOf\":{\"@id\":\"https:\/\/boutique.ettorevini.fr\/#website\"},\"datePublished\":\"2020-05-03T10:36:36+00:00\",\"dateModified\":\"2024-01-31T20:59:29+00:00\",\"breadcrumb\":{\"@id\":\"https:\/\/boutique.ettorevini.fr\/index.php\/produit\/follia-rosso\/#breadcrumb\"},\"inLanguage\":\"fr-FR\",\"potentialAction\":[{\"@type\":\"ReadAction\",\"target\":[\"https:\/\/boutique.ettorevini.fr\/index.php\/produit\/follia-rosso\/\"]}]},{\"@type\":\"BreadcrumbList\",\"@id\":\"https:\/\/boutique.ettorevini.fr\/index.php\/produit\/follia-rosso\/#breadcrumb\",\"itemListElement\":[{\"@type\":\"ListItem\",\"position\":1,\"name\":\"Accueil\",\"item\":\"https:\/\/boutique.ettorevini.fr\/\"},{\"@type\":\"ListItem\",\"position\":2,\"name\":\"LES VINS DE CESAR\",\"item\":\"https:\/\/boutique.ettorevini.fr\/\"},{\"@type\":\"ListItem\",\"position\":3,\"name\":\"Follia rosso\"}]},{\"@type\":\"WebSite\",\"@id\":\"https:\/\/boutique.ettorevini.fr\/#website\",\"url\":\"https:\/\/boutique.ettorevini.fr\/\",\"name\":\"Ettore Vini - Boutique en ligne de vins naturels\",\"description\":\"\u00c7a se passe en France depuis 2010\",\"potentialAction\":[{\"@type\":\"SearchAction\",\"target\":{\"@type\":\"EntryPoint\",\"urlTemplate\":\"https:\/\/boutique.ettorevini.fr\/?s={search_term_string}\"},\"query-input\":\"required name=search_term_string\"}],\"inLanguage\":\"fr-FR\"}]}<\/script>\n<!-- \/ Yoast SEO plugin. -->","yoast_head_json":{"title":"Follia rosso - Ettore Vini - Boutique en ligne de vins naturels","robots":{"index":"index","follow":"follow","max-snippet":"max-snippet:-1","max-image-preview":"max-image-preview:large","max-video-preview":"max-video-preview:-1"},"canonical":"https:\/\/boutique.ettorevini.fr\/index.php\/produit\/follia-rosso\/","og_locale":"fr_FR","og_type":"article","og_title":"Follia rosso - Ettore Vini - Boutique en ligne de vins naturels","og_description":"Si vous voulez boire comme un centurion, voici l\u2019occasion. \u00c9l\u00e9gant et harmonieux, provocateur en bouche avec sa pr\u00e9sence, il s\u00e9duit par sa souplesse. Il est issu d\u2019un c\u00e9page local nomm\u00e9 cesanese. Vous ne le connaissez pas\u00a0? Pas grave, les Italiens non plus, puisqu\u2019il est localis\u00e9 dans un petit p\u00e9rim\u00e8tre dans le Latium. Au nez, on dirait qu\u2019il fait l\u2019objet d\u2019un passage en f\u00fbt de ch\u00eane alors que, faute de sous, il n\u2019y a pas de foudre au chai du domaine. La touche bois\u00e9e est due \u00e0 une p\u00e9riode de mac\u00e9ration pelliculaire avec les p\u00e9pins \u2014 diable de Matteo !","og_url":"https:\/\/boutique.ettorevini.fr\/index.php\/produit\/follia-rosso\/","og_site_name":"Ettore Vini - Boutique en ligne de vins naturels","article_publisher":"https:\/\/www.facebook.com\/AnimaVini","article_modified_time":"2024-01-31T20:59:29+00:00","og_image":[{"width":1707,"height":2560,"url":"https:\/\/i0.wp.com\/boutique.ettorevini.fr\/wp-content\/uploads\/2020\/05\/follia-rosso-scaled.jpg?fit=1707%2C2560&ssl=1","type":"image\/jpeg"}],"twitter_card":"summary_large_image","schema":{"@context":"https:\/\/schema.org","@graph":[{"@type":"WebPage","@id":"https:\/\/boutique.ettorevini.fr\/index.php\/produit\/follia-rosso\/","url":"https:\/\/boutique.ettorevini.fr\/index.php\/produit\/follia-rosso\/","name":"Follia rosso - Ettore Vini - Boutique en ligne de vins naturels","isPartOf":{"@id":"https:\/\/boutique.ettorevini.fr\/#website"},"datePublished":"2020-05-03T10:36:36+00:00","dateModified":"2024-01-31T20:59:29+00:00","breadcrumb":{"@id":"https:\/\/boutique.ettorevini.fr\/index.php\/produit\/follia-rosso\/#breadcrumb"},"inLanguage":"fr-FR","potentialAction":[{"@type":"ReadAction","target":["https:\/\/boutique.ettorevini.fr\/index.php\/produit\/follia-rosso\/"]}]},{"@type":"BreadcrumbList","@id":"https:\/\/boutique.ettorevini.fr\/index.php\/produit\/follia-rosso\/#breadcrumb","itemListElement":[{"@type":"ListItem","position":1,"name":"Accueil","item":"https:\/\/boutique.ettorevini.fr\/"},{"@type":"ListItem","position":2,"name":"LES VINS DE CESAR","item":"https:\/\/boutique.ettorevini.fr\/"},{"@type":"ListItem","position":3,"name":"Follia rosso"}]},{"@type":"WebSite","@id":"https:\/\/boutique.ettorevini.fr\/#website","url":"https:\/\/boutique.ettorevini.fr\/","name":"Ettore Vini - Boutique en ligne de vins naturels","description":"\u00c7a se passe en France depuis 2010","potentialAction":[{"@type":"SearchAction","target":{"@type":"EntryPoint","urlTemplate":"https:\/\/boutique.ettorevini.fr\/?s={search_term_string}"},"query-input":"required name=search_term_string"}],"inLanguage":"fr-FR"}]}},"_links":{"self":[{"href":"https:\/\/boutique.ettorevini.fr\/index.php\/wp-json\/wp\/v2\/product\/496"}],"collection":[{"href":"https:\/\/boutique.ettorevini.fr\/index.php\/wp-json\/wp\/v2\/product"}],"about":[{"href":"https:\/\/boutique.ettorevini.fr\/index.php\/wp-json\/wp\/v2\/types\/product"}],"version-history":[{"count":3,"href":"https:\/\/boutique.ettorevini.fr\/index.php\/wp-json\/wp\/v2\/product\/496\/revisions"}],"predecessor-version":[{"id":1045,"href":"https:\/\/boutique.ettorevini.fr\/index.php\/wp-json\/wp\/v2\/product\/496\/revisions\/1045"}],"wp:featuredmedia":[{"embeddable":true,"href":"https:\/\/boutique.ettorevini.fr\/index.php\/wp-json\/wp\/v2\/media\/1018"}],"wp:attachment":[{"href":"https:\/\/boutique.ettorevini.fr\/index.php\/wp-json\/wp\/v2\/media?parent=496"}],"wp:term":[{"taxonomy":"product_cat","embeddable":true,"href":"https:\/\/boutique.ettorevini.fr\/index.php\/wp-json\/wp\/v2\/product_cat?post=496"},{"taxonomy":"product_tag","embeddable":true,"href":"https:\/\/boutique.ettorevini.fr\/index.php\/wp-json\/wp\/v2\/product_tag?post=496"}],"curies":[{"name":"wp","href":"https:\/\/api.w.org\/{rel}","templated":true}]}}