{"id":492,"date":"2020-05-03T12:36:35","date_gmt":"2020-05-03T10:36:35","guid":{"rendered":"http:\/\/boutique.ettorevini.fr\/index.php\/produit\/import-placeholder-for-103\/"},"modified":"2024-01-31T22:01:22","modified_gmt":"2024-01-31T21:01:22","slug":"2707","status":"publish","type":"product","link":"https:\/\/boutique.ettorevini.fr\/index.php\/produit\/2707\/","title":{"rendered":"27.07"},"content":{"rendered":"<h2><strong>Producteur<\/strong><\/h2>\n<hr \/>\n<h3><strong>Matteo CERACCHI &#8211; Piana dei Castelli<\/strong><\/h3>\n<p><a href=\"\/matteo-ceracchi\"><img decoding=\"async\" class=\"wp-image-439 alignleft\" src=\"https:\/\/i0.wp.com\/boutique.ettorevini.fr\/wp-content\/uploads\/2020\/05\/matteo-CL.jpg?resize=108%2C108&#038;ssl=1\" alt=\"\" width=\"108\" height=\"108\" srcset=\"https:\/\/i0.wp.com\/boutique.ettorevini.fr\/wp-content\/uploads\/2020\/05\/matteo-CL.jpg?resize=150%2C150&amp;ssl=1 150w, https:\/\/i0.wp.com\/boutique.ettorevini.fr\/wp-content\/uploads\/2020\/05\/matteo-CL.jpg?resize=100%2C100&amp;ssl=1 100w, https:\/\/i0.wp.com\/boutique.ettorevini.fr\/wp-content\/uploads\/2020\/05\/matteo-CL.jpg?resize=600%2C600&amp;ssl=1 600w, https:\/\/i0.wp.com\/boutique.ettorevini.fr\/wp-content\/uploads\/2020\/05\/matteo-CL.jpg?resize=300%2C300&amp;ssl=1 300w, https:\/\/i0.wp.com\/boutique.ettorevini.fr\/wp-content\/uploads\/2020\/05\/matteo-CL.jpg?resize=768%2C768&amp;ssl=1 768w, https:\/\/i0.wp.com\/boutique.ettorevini.fr\/wp-content\/uploads\/2020\/05\/matteo-CL.jpg?w=1024&amp;ssl=1 1024w\" sizes=\"(max-width: 108px) 100vw, 108px\" data-recalc-dims=\"1\" \/><\/a>A la t\u00eate de ce domaine, Matteo Ceracchi travaille dans le plein respect des rythmes, des cycles et des forces de la nature. Il pratique une viticulture biologique et biodynamique avec <!--more-->m\u00e9ticulosit\u00e9 et arrive \u00e0 exprimer au maximum les sp\u00e9cificit\u00e9s des sols cultiv\u00e9s. Des terrains abandonn\u00e9s ont \u00e9t\u00e9 acquis et replant\u00e9s par ce jeune vigneron plein d\u2019\u00e9nergie de la province romaine.<\/p>\n<p><a href=\"\/index.php\/les-terroiristes\/#matteo\">En savoir plus sur Matteo<\/a><\/p>\n<hr \/>\n<h3><strong>Fiche technique<\/strong><\/h3>\n<ul>\n<li><b>Bouteille <\/b>: 0,75 L<\/li>\n<li><strong>C\u00e9page<\/strong>\u00a0: sauvignon<\/li>\n<li><strong>Type<\/strong>\u00a0: blanc sec<\/li>\n<li><strong>Mill\u00e9sime<\/strong>\u00a0: 2011<\/li>\n<li><strong>Sol<\/strong>\u00a0:\u00a0argillo-calcaire<\/li>\n<li><strong>Alcool<\/strong>\u00a0: 13\u00b0<\/li>\n<li><strong>\u00c9levage<\/strong>\u00a0: 96 mois sur lies fines<\/li>\n<\/ul>\n","protected":false},"excerpt":{"rendered":"<p>Si vous pensez avoir tout entendu sur les l\u00e9gendes des vignerons vous vous trompez. Cette pr\u00e9cieuse lymphe a \u00e9t\u00e9 \u00ab\u00a0oubli\u00e9e\u00a0\u00bb dans une cuve en inox pendant huit ans\u00a0par Matteo CERACCHI ! Eh oui, ce sauvignon est rest\u00e9 sur ses lies fines 2\u00a0848 jours et mis en bouteille en avril 2019. 27.07 est sa date de vendange \u2013 \u00e0 nouveau une cueillette pr\u00e9coce, hein Matteo\u00a0?! (Cfr. OUT). Encore tonique, ce sauvignon n\u2019a pas perdu son mordant, sa vivacit\u00e9 et sa vigueur dans l&#8217;attaque. Un vin impossible \u00e0 reproduire une deuxi\u00e8me fois.<\/p>\n","protected":false},"featured_media":1384,"template":"","meta":[],"product_cat":[32],"product_tag":[42,41],"yoast_head":"<!-- This site is optimized with the Yoast SEO plugin v21.8.1 - https:\/\/yoast.com\/wordpress\/plugins\/seo\/ -->\n<title>27.07 - Ettore Vini - Boutique en ligne de vins naturels<\/title>\n<meta name=\"robots\" content=\"index, follow, max-snippet:-1, max-image-preview:large, max-video-preview:-1\" \/>\n<link rel=\"canonical\" href=\"https:\/\/boutique.ettorevini.fr\/index.php\/produit\/2707\/\" \/>\n<meta property=\"og:locale\" content=\"fr_FR\" \/>\n<meta property=\"og:type\" content=\"article\" \/>\n<meta property=\"og:title\" content=\"27.07 - Ettore Vini - Boutique en ligne de vins naturels\" \/>\n<meta property=\"og:description\" content=\"Si vous pensez avoir tout entendu sur les l\u00e9gendes des vignerons vous vous trompez. Cette pr\u00e9cieuse lymphe a \u00e9t\u00e9 \u00ab\u00a0oubli\u00e9e\u00a0\u00bb dans une cuve en inox pendant huit ans\u00a0par Matteo CERACCHI ! Eh oui, ce sauvignon est rest\u00e9 sur ses lies fines 2\u00a0848 jours et mis en bouteille en avril 2019. 27.07 est sa date de vendange \u2013 \u00e0 nouveau une cueillette pr\u00e9coce, hein Matteo\u00a0?! (Cfr. OUT). Encore tonique, ce sauvignon n\u2019a pas perdu son mordant, sa vivacit\u00e9 et sa vigueur dans l&#039;attaque. Un vin impossible \u00e0 reproduire une deuxi\u00e8me fois.\" \/>\n<meta property=\"og:url\" content=\"https:\/\/boutique.ettorevini.fr\/index.php\/produit\/2707\/\" \/>\n<meta property=\"og:site_name\" content=\"Ettore Vini - Boutique en ligne de vins naturels\" \/>\n<meta property=\"article:publisher\" content=\"https:\/\/www.facebook.com\/AnimaVini\" \/>\n<meta property=\"article:modified_time\" content=\"2024-01-31T21:01:22+00:00\" \/>\n<meta property=\"og:image\" content=\"https:\/\/i0.wp.com\/boutique.ettorevini.fr\/wp-content\/uploads\/2020\/05\/27.07.2013-scaled.jpg?fit=1707%2C2560&ssl=1\" \/>\n\t<meta property=\"og:image:width\" content=\"1707\" \/>\n\t<meta property=\"og:image:height\" content=\"2560\" \/>\n\t<meta property=\"og:image:type\" content=\"image\/jpeg\" \/>\n<meta name=\"twitter:card\" content=\"summary_large_image\" \/>\n<meta name=\"twitter:label1\" content=\"Dur\u00e9e de lecture estim\u00e9e\" \/>\n\t<meta name=\"twitter:data1\" content=\"1 minute\" \/>\n<script type=\"application\/ld+json\" class=\"yoast-schema-graph\">{\"@context\":\"https:\/\/schema.org\",\"@graph\":[{\"@type\":\"WebPage\",\"@id\":\"https:\/\/boutique.ettorevini.fr\/index.php\/produit\/2707\/\",\"url\":\"https:\/\/boutique.ettorevini.fr\/index.php\/produit\/2707\/\",\"name\":\"27.07 - Ettore Vini - Boutique en ligne de vins naturels\",\"isPartOf\":{\"@id\":\"https:\/\/boutique.ettorevini.fr\/#website\"},\"datePublished\":\"2020-05-03T10:36:35+00:00\",\"dateModified\":\"2024-01-31T21:01:22+00:00\",\"breadcrumb\":{\"@id\":\"https:\/\/boutique.ettorevini.fr\/index.php\/produit\/2707\/#breadcrumb\"},\"inLanguage\":\"fr-FR\",\"potentialAction\":[{\"@type\":\"ReadAction\",\"target\":[\"https:\/\/boutique.ettorevini.fr\/index.php\/produit\/2707\/\"]}]},{\"@type\":\"BreadcrumbList\",\"@id\":\"https:\/\/boutique.ettorevini.fr\/index.php\/produit\/2707\/#breadcrumb\",\"itemListElement\":[{\"@type\":\"ListItem\",\"position\":1,\"name\":\"Accueil\",\"item\":\"https:\/\/boutique.ettorevini.fr\/\"},{\"@type\":\"ListItem\",\"position\":2,\"name\":\"LES VINS DE CESAR\",\"item\":\"https:\/\/boutique.ettorevini.fr\/\"},{\"@type\":\"ListItem\",\"position\":3,\"name\":\"27.07\"}]},{\"@type\":\"WebSite\",\"@id\":\"https:\/\/boutique.ettorevini.fr\/#website\",\"url\":\"https:\/\/boutique.ettorevini.fr\/\",\"name\":\"Ettore Vini - Boutique en ligne de vins naturels\",\"description\":\"\u00c7a se passe en France depuis 2010\",\"potentialAction\":[{\"@type\":\"SearchAction\",\"target\":{\"@type\":\"EntryPoint\",\"urlTemplate\":\"https:\/\/boutique.ettorevini.fr\/?s={search_term_string}\"},\"query-input\":\"required name=search_term_string\"}],\"inLanguage\":\"fr-FR\"}]}<\/script>\n<!-- \/ Yoast SEO plugin. -->","yoast_head_json":{"title":"27.07 - Ettore Vini - Boutique en ligne de vins naturels","robots":{"index":"index","follow":"follow","max-snippet":"max-snippet:-1","max-image-preview":"max-image-preview:large","max-video-preview":"max-video-preview:-1"},"canonical":"https:\/\/boutique.ettorevini.fr\/index.php\/produit\/2707\/","og_locale":"fr_FR","og_type":"article","og_title":"27.07 - Ettore Vini - Boutique en ligne de vins naturels","og_description":"Si vous pensez avoir tout entendu sur les l\u00e9gendes des vignerons vous vous trompez. Cette pr\u00e9cieuse lymphe a \u00e9t\u00e9 \u00ab\u00a0oubli\u00e9e\u00a0\u00bb dans une cuve en inox pendant huit ans\u00a0par Matteo CERACCHI ! Eh oui, ce sauvignon est rest\u00e9 sur ses lies fines 2\u00a0848 jours et mis en bouteille en avril 2019. 27.07 est sa date de vendange \u2013 \u00e0 nouveau une cueillette pr\u00e9coce, hein Matteo\u00a0?! (Cfr. OUT). Encore tonique, ce sauvignon n\u2019a pas perdu son mordant, sa vivacit\u00e9 et sa vigueur dans l'attaque. Un vin impossible \u00e0 reproduire une deuxi\u00e8me fois.","og_url":"https:\/\/boutique.ettorevini.fr\/index.php\/produit\/2707\/","og_site_name":"Ettore Vini - Boutique en ligne de vins naturels","article_publisher":"https:\/\/www.facebook.com\/AnimaVini","article_modified_time":"2024-01-31T21:01:22+00:00","og_image":[{"width":1707,"height":2560,"url":"https:\/\/i0.wp.com\/boutique.ettorevini.fr\/wp-content\/uploads\/2020\/05\/27.07.2013-scaled.jpg?fit=1707%2C2560&ssl=1","type":"image\/jpeg"}],"twitter_card":"summary_large_image","twitter_misc":{"Dur\u00e9e de lecture estim\u00e9e":"1 minute"},"schema":{"@context":"https:\/\/schema.org","@graph":[{"@type":"WebPage","@id":"https:\/\/boutique.ettorevini.fr\/index.php\/produit\/2707\/","url":"https:\/\/boutique.ettorevini.fr\/index.php\/produit\/2707\/","name":"27.07 - Ettore Vini - Boutique en ligne de vins naturels","isPartOf":{"@id":"https:\/\/boutique.ettorevini.fr\/#website"},"datePublished":"2020-05-03T10:36:35+00:00","dateModified":"2024-01-31T21:01:22+00:00","breadcrumb":{"@id":"https:\/\/boutique.ettorevini.fr\/index.php\/produit\/2707\/#breadcrumb"},"inLanguage":"fr-FR","potentialAction":[{"@type":"ReadAction","target":["https:\/\/boutique.ettorevini.fr\/index.php\/produit\/2707\/"]}]},{"@type":"BreadcrumbList","@id":"https:\/\/boutique.ettorevini.fr\/index.php\/produit\/2707\/#breadcrumb","itemListElement":[{"@type":"ListItem","position":1,"name":"Accueil","item":"https:\/\/boutique.ettorevini.fr\/"},{"@type":"ListItem","position":2,"name":"LES VINS DE CESAR","item":"https:\/\/boutique.ettorevini.fr\/"},{"@type":"ListItem","position":3,"name":"27.07"}]},{"@type":"WebSite","@id":"https:\/\/boutique.ettorevini.fr\/#website","url":"https:\/\/boutique.ettorevini.fr\/","name":"Ettore Vini - Boutique en ligne de vins naturels","description":"\u00c7a se passe en France depuis 2010","potentialAction":[{"@type":"SearchAction","target":{"@type":"EntryPoint","urlTemplate":"https:\/\/boutique.ettorevini.fr\/?s={search_term_string}"},"query-input":"required name=search_term_string"}],"inLanguage":"fr-FR"}]}},"_links":{"self":[{"href":"https:\/\/boutique.ettorevini.fr\/index.php\/wp-json\/wp\/v2\/product\/492"}],"collection":[{"href":"https:\/\/boutique.ettorevini.fr\/index.php\/wp-json\/wp\/v2\/product"}],"about":[{"href":"https:\/\/boutique.ettorevini.fr\/index.php\/wp-json\/wp\/v2\/types\/product"}],"version-history":[{"count":3,"href":"https:\/\/boutique.ettorevini.fr\/index.php\/wp-json\/wp\/v2\/product\/492\/revisions"}],"predecessor-version":[{"id":546,"href":"https:\/\/boutique.ettorevini.fr\/index.php\/wp-json\/wp\/v2\/product\/492\/revisions\/546"}],"wp:featuredmedia":[{"embeddable":true,"href":"https:\/\/boutique.ettorevini.fr\/index.php\/wp-json\/wp\/v2\/media\/1384"}],"wp:attachment":[{"href":"https:\/\/boutique.ettorevini.fr\/index.php\/wp-json\/wp\/v2\/media?parent=492"}],"wp:term":[{"taxonomy":"product_cat","embeddable":true,"href":"https:\/\/boutique.ettorevini.fr\/index.php\/wp-json\/wp\/v2\/product_cat?post=492"},{"taxonomy":"product_tag","embeddable":true,"href":"https:\/\/boutique.ettorevini.fr\/index.php\/wp-json\/wp\/v2\/product_tag?post=492"}],"curies":[{"name":"wp","href":"https:\/\/api.w.org\/{rel}","templated":true}]}}