{"id":16,"date":"2020-05-02T18:14:16","date_gmt":"2020-05-02T16:14:16","guid":{"rendered":"http:\/\/boutique.ettorevini.fr\/?post_type=product&#038;p=16"},"modified":"2025-02-23T13:00:19","modified_gmt":"2025-02-23T12:00:19","slug":"fanfaron","status":"publish","type":"product","link":"https:\/\/boutique.ettorevini.fr\/index.php\/produit\/fanfaron\/","title":{"rendered":"Fanfaron"},"content":{"rendered":"<h2><strong>Producteur<\/strong><\/h2>\n<hr \/>\n<h3><strong>Matteo CERACCHI &#8211; Piana dei Castelli<\/strong><\/h3>\n<p><a href=\"\/matteo-ceracchi\"><img decoding=\"async\" class=\"wp-image-439 alignleft\" src=\"https:\/\/i0.wp.com\/boutique.ettorevini.fr\/wp-content\/uploads\/2020\/05\/matteo-CL.jpg?resize=108%2C108&#038;ssl=1\" alt=\"\" width=\"108\" height=\"108\" srcset=\"https:\/\/i0.wp.com\/boutique.ettorevini.fr\/wp-content\/uploads\/2020\/05\/matteo-CL.jpg?resize=150%2C150&amp;ssl=1 150w, https:\/\/i0.wp.com\/boutique.ettorevini.fr\/wp-content\/uploads\/2020\/05\/matteo-CL.jpg?resize=100%2C100&amp;ssl=1 100w, https:\/\/i0.wp.com\/boutique.ettorevini.fr\/wp-content\/uploads\/2020\/05\/matteo-CL.jpg?resize=600%2C600&amp;ssl=1 600w, https:\/\/i0.wp.com\/boutique.ettorevini.fr\/wp-content\/uploads\/2020\/05\/matteo-CL.jpg?resize=300%2C300&amp;ssl=1 300w, https:\/\/i0.wp.com\/boutique.ettorevini.fr\/wp-content\/uploads\/2020\/05\/matteo-CL.jpg?resize=768%2C768&amp;ssl=1 768w, https:\/\/i0.wp.com\/boutique.ettorevini.fr\/wp-content\/uploads\/2020\/05\/matteo-CL.jpg?w=1024&amp;ssl=1 1024w\" sizes=\"(max-width: 108px) 100vw, 108px\" data-recalc-dims=\"1\" \/><\/a>A la t\u00eate de ce domaine, Matteo Ceracchi travaille dans le plein respect des rythmes, des cycles et des forces de la nature. Il pratique une viticulture biologique et biodynamique avec <!--more-->m\u00e9ticulosit\u00e9 et arrive \u00e0 exprimer au maximum les sp\u00e9cificit\u00e9s des sols cultiv\u00e9s. Des terrains abandonn\u00e9s ont \u00e9t\u00e9 acquis et replant\u00e9s par ce jeune vigneron plein d\u2019\u00e9nergie de la province romaine.<\/p>\n<p><a href=\"\/index.php\/les-terroiristes\/#matteo\">En savoir plus sur Matteo<\/a><\/p>\n<hr \/>\n<h3><strong>Fiche technique<\/strong><\/h3>\n<ul>\n<li><b>Bouteille <\/b>: 0,75 L<\/li>\n<li><strong>C\u00e9page\u00a0<\/strong>: Cesanese<\/li>\n<li><strong>Teneur en alcool<\/strong>\u00a0: 13\u00b0<\/li>\n<li><strong>Type\u00a0<\/strong>: M\u00e9thode ancestrale \u2013 ros\u00e9<\/li>\n<li><strong>Sol<\/strong>\u00a0: Argilo-calcaire<\/li>\n<li><strong>Vinification\u00a0<\/strong>: refermentation en bouteille<\/li>\n<li><strong>\u00c9levage\u00a0<\/strong>: 12 mois en bouteille<\/li>\n<\/ul>\n","protected":false},"excerpt":{"rendered":"<hr \/>\n<p>Matteo CERACCHI &#8211; Piana dei Castelli<\/p>\n<hr \/>\n<p>Ce vin p\u00e9tillant \u00e0 l\u2019allure vive et rebelle suscite la surprise avec sa robe cuivre. De beaux amers en finale de bouche accompagn\u00e9s de notes v\u00e9g\u00e9tales sortent curieusement du verre. Un ros\u00e9 agr\u00e9ablement rafra\u00eechissant aux bulles qui se la p\u00e8tent\u00a0!<\/p>\n","protected":false},"featured_media":636,"template":"","meta":[],"product_cat":[31],"product_tag":[43,42,41],"yoast_head":"<!-- This site is optimized with the Yoast SEO plugin v21.8.1 - https:\/\/yoast.com\/wordpress\/plugins\/seo\/ -->\n<title>Fanfaron - Ettore Vini - Boutique en ligne de vins naturels<\/title>\n<meta name=\"robots\" content=\"index, follow, max-snippet:-1, max-image-preview:large, max-video-preview:-1\" \/>\n<link rel=\"canonical\" href=\"https:\/\/boutique.ettorevini.fr\/index.php\/produit\/fanfaron\/\" \/>\n<meta property=\"og:locale\" content=\"fr_FR\" \/>\n<meta property=\"og:type\" content=\"article\" \/>\n<meta property=\"og:title\" content=\"Fanfaron - Ettore Vini - Boutique en ligne de vins naturels\" \/>\n<meta property=\"og:description\" content=\"Matteo CERACCHI - Piana dei Castelli    Ce vin p\u00e9tillant \u00e0 l\u2019allure vive et rebelle suscite la surprise avec sa robe cuivre. De beaux amers en finale de bouche accompagn\u00e9s de notes v\u00e9g\u00e9tales sortent curieusement du verre. Un ros\u00e9 agr\u00e9ablement rafra\u00eechissant aux bulles qui se la p\u00e8tent\u00a0!\" \/>\n<meta property=\"og:url\" content=\"https:\/\/boutique.ettorevini.fr\/index.php\/produit\/fanfaron\/\" \/>\n<meta property=\"og:site_name\" content=\"Ettore Vini - Boutique en ligne de vins naturels\" \/>\n<meta property=\"article:publisher\" content=\"https:\/\/www.facebook.com\/AnimaVini\" \/>\n<meta property=\"article:modified_time\" content=\"2025-02-23T12:00:19+00:00\" \/>\n<meta property=\"og:image\" content=\"https:\/\/boutique.ettorevini.fr\/wp-content\/uploads\/2020\/05\/fanfaron1-scaled.jpg\" \/>\n\t<meta property=\"og:image:width\" content=\"1707\" \/>\n\t<meta property=\"og:image:height\" content=\"2560\" \/>\n\t<meta property=\"og:image:type\" content=\"image\/jpeg\" \/>\n<meta name=\"twitter:card\" content=\"summary_large_image\" \/>\n<meta name=\"twitter:label1\" content=\"Dur\u00e9e de lecture estim\u00e9e\" \/>\n\t<meta name=\"twitter:data1\" content=\"1 minute\" \/>\n<script type=\"application\/ld+json\" class=\"yoast-schema-graph\">{\"@context\":\"https:\/\/schema.org\",\"@graph\":[{\"@type\":\"WebPage\",\"@id\":\"https:\/\/boutique.ettorevini.fr\/index.php\/produit\/fanfaron\/\",\"url\":\"https:\/\/boutique.ettorevini.fr\/index.php\/produit\/fanfaron\/\",\"name\":\"Fanfaron - Ettore Vini - Boutique en ligne de vins naturels\",\"isPartOf\":{\"@id\":\"https:\/\/boutique.ettorevini.fr\/#website\"},\"datePublished\":\"2020-05-02T16:14:16+00:00\",\"dateModified\":\"2025-02-23T12:00:19+00:00\",\"breadcrumb\":{\"@id\":\"https:\/\/boutique.ettorevini.fr\/index.php\/produit\/fanfaron\/#breadcrumb\"},\"inLanguage\":\"fr-FR\",\"potentialAction\":[{\"@type\":\"ReadAction\",\"target\":[\"https:\/\/boutique.ettorevini.fr\/index.php\/produit\/fanfaron\/\"]}]},{\"@type\":\"BreadcrumbList\",\"@id\":\"https:\/\/boutique.ettorevini.fr\/index.php\/produit\/fanfaron\/#breadcrumb\",\"itemListElement\":[{\"@type\":\"ListItem\",\"position\":1,\"name\":\"Accueil\",\"item\":\"https:\/\/boutique.ettorevini.fr\/\"},{\"@type\":\"ListItem\",\"position\":2,\"name\":\"LES VINS DE CESAR\",\"item\":\"https:\/\/boutique.ettorevini.fr\/\"},{\"@type\":\"ListItem\",\"position\":3,\"name\":\"Fanfaron\"}]},{\"@type\":\"WebSite\",\"@id\":\"https:\/\/boutique.ettorevini.fr\/#website\",\"url\":\"https:\/\/boutique.ettorevini.fr\/\",\"name\":\"Ettore Vini - Boutique en ligne de vins naturels\",\"description\":\"\u00c7a se passe en France depuis 2010\",\"potentialAction\":[{\"@type\":\"SearchAction\",\"target\":{\"@type\":\"EntryPoint\",\"urlTemplate\":\"https:\/\/boutique.ettorevini.fr\/?s={search_term_string}\"},\"query-input\":\"required name=search_term_string\"}],\"inLanguage\":\"fr-FR\"}]}<\/script>\n<!-- \/ Yoast SEO plugin. -->","yoast_head_json":{"title":"Fanfaron - Ettore Vini - Boutique en ligne de vins naturels","robots":{"index":"index","follow":"follow","max-snippet":"max-snippet:-1","max-image-preview":"max-image-preview:large","max-video-preview":"max-video-preview:-1"},"canonical":"https:\/\/boutique.ettorevini.fr\/index.php\/produit\/fanfaron\/","og_locale":"fr_FR","og_type":"article","og_title":"Fanfaron - Ettore Vini - Boutique en ligne de vins naturels","og_description":"Matteo CERACCHI - Piana dei Castelli    Ce vin p\u00e9tillant \u00e0 l\u2019allure vive et rebelle suscite la surprise avec sa robe cuivre. De beaux amers en finale de bouche accompagn\u00e9s de notes v\u00e9g\u00e9tales sortent curieusement du verre. Un ros\u00e9 agr\u00e9ablement rafra\u00eechissant aux bulles qui se la p\u00e8tent\u00a0!","og_url":"https:\/\/boutique.ettorevini.fr\/index.php\/produit\/fanfaron\/","og_site_name":"Ettore Vini - Boutique en ligne de vins naturels","article_publisher":"https:\/\/www.facebook.com\/AnimaVini","article_modified_time":"2025-02-23T12:00:19+00:00","og_image":[{"width":1707,"height":2560,"url":"https:\/\/boutique.ettorevini.fr\/wp-content\/uploads\/2020\/05\/fanfaron1-scaled.jpg","type":"image\/jpeg"}],"twitter_card":"summary_large_image","twitter_misc":{"Dur\u00e9e de lecture estim\u00e9e":"1 minute"},"schema":{"@context":"https:\/\/schema.org","@graph":[{"@type":"WebPage","@id":"https:\/\/boutique.ettorevini.fr\/index.php\/produit\/fanfaron\/","url":"https:\/\/boutique.ettorevini.fr\/index.php\/produit\/fanfaron\/","name":"Fanfaron - Ettore Vini - Boutique en ligne de vins naturels","isPartOf":{"@id":"https:\/\/boutique.ettorevini.fr\/#website"},"datePublished":"2020-05-02T16:14:16+00:00","dateModified":"2025-02-23T12:00:19+00:00","breadcrumb":{"@id":"https:\/\/boutique.ettorevini.fr\/index.php\/produit\/fanfaron\/#breadcrumb"},"inLanguage":"fr-FR","potentialAction":[{"@type":"ReadAction","target":["https:\/\/boutique.ettorevini.fr\/index.php\/produit\/fanfaron\/"]}]},{"@type":"BreadcrumbList","@id":"https:\/\/boutique.ettorevini.fr\/index.php\/produit\/fanfaron\/#breadcrumb","itemListElement":[{"@type":"ListItem","position":1,"name":"Accueil","item":"https:\/\/boutique.ettorevini.fr\/"},{"@type":"ListItem","position":2,"name":"LES VINS DE CESAR","item":"https:\/\/boutique.ettorevini.fr\/"},{"@type":"ListItem","position":3,"name":"Fanfaron"}]},{"@type":"WebSite","@id":"https:\/\/boutique.ettorevini.fr\/#website","url":"https:\/\/boutique.ettorevini.fr\/","name":"Ettore Vini - Boutique en ligne de vins naturels","description":"\u00c7a se passe en France depuis 2010","potentialAction":[{"@type":"SearchAction","target":{"@type":"EntryPoint","urlTemplate":"https:\/\/boutique.ettorevini.fr\/?s={search_term_string}"},"query-input":"required name=search_term_string"}],"inLanguage":"fr-FR"}]}},"_links":{"self":[{"href":"https:\/\/boutique.ettorevini.fr\/index.php\/wp-json\/wp\/v2\/product\/16"}],"collection":[{"href":"https:\/\/boutique.ettorevini.fr\/index.php\/wp-json\/wp\/v2\/product"}],"about":[{"href":"https:\/\/boutique.ettorevini.fr\/index.php\/wp-json\/wp\/v2\/types\/product"}],"version-history":[{"count":3,"href":"https:\/\/boutique.ettorevini.fr\/index.php\/wp-json\/wp\/v2\/product\/16\/revisions"}],"predecessor-version":[{"id":429,"href":"https:\/\/boutique.ettorevini.fr\/index.php\/wp-json\/wp\/v2\/product\/16\/revisions\/429"}],"wp:featuredmedia":[{"embeddable":true,"href":"https:\/\/boutique.ettorevini.fr\/index.php\/wp-json\/wp\/v2\/media\/636"}],"wp:attachment":[{"href":"https:\/\/boutique.ettorevini.fr\/index.php\/wp-json\/wp\/v2\/media?parent=16"}],"wp:term":[{"taxonomy":"product_cat","embeddable":true,"href":"https:\/\/boutique.ettorevini.fr\/index.php\/wp-json\/wp\/v2\/product_cat?post=16"},{"taxonomy":"product_tag","embeddable":true,"href":"https:\/\/boutique.ettorevini.fr\/index.php\/wp-json\/wp\/v2\/product_tag?post=16"}],"curies":[{"name":"wp","href":"https:\/\/api.w.org\/{rel}","templated":true}]}}