{"id":1275,"date":"2020-12-21T13:51:51","date_gmt":"2020-12-21T12:51:51","guid":{"rendered":"http:\/\/boutique.ettorevini.fr\/?post_type=product&#038;p=1275"},"modified":"2023-07-08T15:03:24","modified_gmt":"2023-07-08T13:03:24","slug":"capitancelli-magnum","status":"publish","type":"product","link":"https:\/\/boutique.ettorevini.fr\/index.php\/produit\/capitancelli-magnum\/","title":{"rendered":"Capitancelli magnum"},"content":{"rendered":"<h2><strong>Producteur<\/strong><\/h2>\n<hr \/>\n<h3><strong>Matteo CERACCHI &#8211; Piana dei Castelli<\/strong><\/h3>\n<p><a href=\"\/matteo-ceracchi\"><img decoding=\"async\" class=\"wp-image-439 alignleft\" src=\"https:\/\/i0.wp.com\/boutique.ettorevini.fr\/wp-content\/uploads\/2020\/05\/matteo-CL.jpg?resize=108%2C108&#038;ssl=1\" alt=\"\" width=\"108\" height=\"108\" srcset=\"https:\/\/i0.wp.com\/boutique.ettorevini.fr\/wp-content\/uploads\/2020\/05\/matteo-CL.jpg?resize=150%2C150&amp;ssl=1 150w, https:\/\/i0.wp.com\/boutique.ettorevini.fr\/wp-content\/uploads\/2020\/05\/matteo-CL.jpg?resize=100%2C100&amp;ssl=1 100w, https:\/\/i0.wp.com\/boutique.ettorevini.fr\/wp-content\/uploads\/2020\/05\/matteo-CL.jpg?resize=600%2C600&amp;ssl=1 600w, https:\/\/i0.wp.com\/boutique.ettorevini.fr\/wp-content\/uploads\/2020\/05\/matteo-CL.jpg?resize=300%2C300&amp;ssl=1 300w, https:\/\/i0.wp.com\/boutique.ettorevini.fr\/wp-content\/uploads\/2020\/05\/matteo-CL.jpg?resize=768%2C768&amp;ssl=1 768w, https:\/\/i0.wp.com\/boutique.ettorevini.fr\/wp-content\/uploads\/2020\/05\/matteo-CL.jpg?w=1024&amp;ssl=1 1024w\" sizes=\"(max-width: 108px) 100vw, 108px\" data-recalc-dims=\"1\" \/><\/a>A la t\u00eate de ce domaine, Matteo Ceracchi travaille dans le plein respect des rythmes, des cycles et des forces de la nature. Il pratique une viticulture biologique et biodynamique avec <!--more-->m\u00e9ticulosit\u00e9 et arrive \u00e0 exprimer au maximum les sp\u00e9cificit\u00e9s des sols cultiv\u00e9s. Des terrains abandonn\u00e9s ont \u00e9t\u00e9 acquis et replant\u00e9s par ce jeune vigneron plein d\u2019\u00e9nergie de la province romaine.<\/p>\n<p><a href=\"\/index.php\/les-terroiristes\/#matteo\">En savoir plus sur Matteo<\/a><\/p>\n<hr \/>\n<h3><strong>Fiche technique<\/strong><\/h3>\n<ul>\n<li><b>Bouteille <\/b>: 1,5 L<\/li>\n<li><strong>C\u00e9page<\/strong>\u00a0: cesanese, montepulciano, sangiovese<\/li>\n<li><strong>Type<\/strong>\u00a0: rouge costaud<\/li>\n<li><strong>Sol<\/strong>\u00a0:\u00a0cr\u00e8te, silex<\/li>\n<li><strong>Alcool<\/strong>\u00a0: 15\u00b0<\/li>\n<li><strong>\u00c9levage<\/strong>\u00a0: 24 mois sur lies fines en cuve en b\u00e9ton<\/li>\n<\/ul>\n","protected":false},"excerpt":{"rendered":"<p>Matteo nous \u00e9tonne encore avec ce vin testost\u00e9ron\u00e9 de fruits noirs et m\u00fbrs. Vivant, il sid\u00e8re par sa fra\u00eecheur sur des tanins fondus. Un peu de volat\u2019 peut-\u00eatre mais \u00e9quilibr\u00e9e par sa mati\u00e8re. Buveurs de vin traditionnels s\u2019abstenir.<\/p>\n","protected":false},"featured_media":1263,"template":"","meta":[],"product_cat":[57,33],"product_tag":[42,41],"yoast_head":"<!-- This site is optimized with the Yoast SEO plugin v21.8.1 - https:\/\/yoast.com\/wordpress\/plugins\/seo\/ -->\n<title>Capitancelli magnum - Ettore Vini - Boutique en ligne de vins naturels<\/title>\n<meta name=\"robots\" content=\"index, follow, max-snippet:-1, max-image-preview:large, max-video-preview:-1\" \/>\n<link rel=\"canonical\" href=\"https:\/\/boutique.ettorevini.fr\/index.php\/produit\/capitancelli-magnum\/\" \/>\n<meta property=\"og:locale\" content=\"fr_FR\" \/>\n<meta property=\"og:type\" content=\"article\" \/>\n<meta property=\"og:title\" content=\"Capitancelli magnum - Ettore Vini - Boutique en ligne de vins naturels\" \/>\n<meta property=\"og:description\" content=\"Matteo nous \u00e9tonne encore avec ce vin testost\u00e9ron\u00e9 de fruits noirs et m\u00fbrs. Vivant, il sid\u00e8re par sa fra\u00eecheur sur des tanins fondus. Un peu de volat\u2019 peut-\u00eatre mais \u00e9quilibr\u00e9e par sa mati\u00e8re. Buveurs de vin traditionnels s\u2019abstenir.\" \/>\n<meta property=\"og:url\" content=\"https:\/\/boutique.ettorevini.fr\/index.php\/produit\/capitancelli-magnum\/\" \/>\n<meta property=\"og:site_name\" content=\"Ettore Vini - Boutique en ligne de vins naturels\" \/>\n<meta property=\"article:publisher\" content=\"https:\/\/www.facebook.com\/AnimaVini\" \/>\n<meta property=\"article:modified_time\" content=\"2023-07-08T13:03:24+00:00\" \/>\n<meta property=\"og:image\" content=\"https:\/\/i0.wp.com\/boutique.ettorevini.fr\/wp-content\/uploads\/2020\/12\/capitancelli-magnum-scaled.jpg?fit=1734%2C2560&ssl=1\" \/>\n\t<meta property=\"og:image:width\" content=\"1734\" \/>\n\t<meta property=\"og:image:height\" content=\"2560\" \/>\n\t<meta property=\"og:image:type\" content=\"image\/jpeg\" \/>\n<meta name=\"twitter:card\" content=\"summary_large_image\" \/>\n<meta name=\"twitter:label1\" content=\"Dur\u00e9e de lecture estim\u00e9e\" \/>\n\t<meta name=\"twitter:data1\" content=\"1 minute\" \/>\n<script type=\"application\/ld+json\" class=\"yoast-schema-graph\">{\"@context\":\"https:\/\/schema.org\",\"@graph\":[{\"@type\":\"WebPage\",\"@id\":\"https:\/\/boutique.ettorevini.fr\/index.php\/produit\/capitancelli-magnum\/\",\"url\":\"https:\/\/boutique.ettorevini.fr\/index.php\/produit\/capitancelli-magnum\/\",\"name\":\"Capitancelli magnum - Ettore Vini - Boutique en ligne de vins naturels\",\"isPartOf\":{\"@id\":\"https:\/\/boutique.ettorevini.fr\/#website\"},\"datePublished\":\"2020-12-21T12:51:51+00:00\",\"dateModified\":\"2023-07-08T13:03:24+00:00\",\"breadcrumb\":{\"@id\":\"https:\/\/boutique.ettorevini.fr\/index.php\/produit\/capitancelli-magnum\/#breadcrumb\"},\"inLanguage\":\"fr-FR\",\"potentialAction\":[{\"@type\":\"ReadAction\",\"target\":[\"https:\/\/boutique.ettorevini.fr\/index.php\/produit\/capitancelli-magnum\/\"]}]},{\"@type\":\"BreadcrumbList\",\"@id\":\"https:\/\/boutique.ettorevini.fr\/index.php\/produit\/capitancelli-magnum\/#breadcrumb\",\"itemListElement\":[{\"@type\":\"ListItem\",\"position\":1,\"name\":\"Accueil\",\"item\":\"https:\/\/boutique.ettorevini.fr\/\"},{\"@type\":\"ListItem\",\"position\":2,\"name\":\"LES VINS DE CESAR\",\"item\":\"https:\/\/boutique.ettorevini.fr\/\"},{\"@type\":\"ListItem\",\"position\":3,\"name\":\"Capitancelli magnum\"}]},{\"@type\":\"WebSite\",\"@id\":\"https:\/\/boutique.ettorevini.fr\/#website\",\"url\":\"https:\/\/boutique.ettorevini.fr\/\",\"name\":\"Ettore Vini - Boutique en ligne de vins naturels\",\"description\":\"\u00c7a se passe en France depuis 2010\",\"potentialAction\":[{\"@type\":\"SearchAction\",\"target\":{\"@type\":\"EntryPoint\",\"urlTemplate\":\"https:\/\/boutique.ettorevini.fr\/?s={search_term_string}\"},\"query-input\":\"required name=search_term_string\"}],\"inLanguage\":\"fr-FR\"}]}<\/script>\n<!-- \/ Yoast SEO plugin. -->","yoast_head_json":{"title":"Capitancelli magnum - Ettore Vini - Boutique en ligne de vins naturels","robots":{"index":"index","follow":"follow","max-snippet":"max-snippet:-1","max-image-preview":"max-image-preview:large","max-video-preview":"max-video-preview:-1"},"canonical":"https:\/\/boutique.ettorevini.fr\/index.php\/produit\/capitancelli-magnum\/","og_locale":"fr_FR","og_type":"article","og_title":"Capitancelli magnum - Ettore Vini - Boutique en ligne de vins naturels","og_description":"Matteo nous \u00e9tonne encore avec ce vin testost\u00e9ron\u00e9 de fruits noirs et m\u00fbrs. Vivant, il sid\u00e8re par sa fra\u00eecheur sur des tanins fondus. Un peu de volat\u2019 peut-\u00eatre mais \u00e9quilibr\u00e9e par sa mati\u00e8re. Buveurs de vin traditionnels s\u2019abstenir.","og_url":"https:\/\/boutique.ettorevini.fr\/index.php\/produit\/capitancelli-magnum\/","og_site_name":"Ettore Vini - Boutique en ligne de vins naturels","article_publisher":"https:\/\/www.facebook.com\/AnimaVini","article_modified_time":"2023-07-08T13:03:24+00:00","og_image":[{"width":1734,"height":2560,"url":"https:\/\/i0.wp.com\/boutique.ettorevini.fr\/wp-content\/uploads\/2020\/12\/capitancelli-magnum-scaled.jpg?fit=1734%2C2560&ssl=1","type":"image\/jpeg"}],"twitter_card":"summary_large_image","twitter_misc":{"Dur\u00e9e de lecture estim\u00e9e":"1 minute"},"schema":{"@context":"https:\/\/schema.org","@graph":[{"@type":"WebPage","@id":"https:\/\/boutique.ettorevini.fr\/index.php\/produit\/capitancelli-magnum\/","url":"https:\/\/boutique.ettorevini.fr\/index.php\/produit\/capitancelli-magnum\/","name":"Capitancelli magnum - Ettore Vini - Boutique en ligne de vins naturels","isPartOf":{"@id":"https:\/\/boutique.ettorevini.fr\/#website"},"datePublished":"2020-12-21T12:51:51+00:00","dateModified":"2023-07-08T13:03:24+00:00","breadcrumb":{"@id":"https:\/\/boutique.ettorevini.fr\/index.php\/produit\/capitancelli-magnum\/#breadcrumb"},"inLanguage":"fr-FR","potentialAction":[{"@type":"ReadAction","target":["https:\/\/boutique.ettorevini.fr\/index.php\/produit\/capitancelli-magnum\/"]}]},{"@type":"BreadcrumbList","@id":"https:\/\/boutique.ettorevini.fr\/index.php\/produit\/capitancelli-magnum\/#breadcrumb","itemListElement":[{"@type":"ListItem","position":1,"name":"Accueil","item":"https:\/\/boutique.ettorevini.fr\/"},{"@type":"ListItem","position":2,"name":"LES VINS DE CESAR","item":"https:\/\/boutique.ettorevini.fr\/"},{"@type":"ListItem","position":3,"name":"Capitancelli magnum"}]},{"@type":"WebSite","@id":"https:\/\/boutique.ettorevini.fr\/#website","url":"https:\/\/boutique.ettorevini.fr\/","name":"Ettore Vini - Boutique en ligne de vins naturels","description":"\u00c7a se passe en France depuis 2010","potentialAction":[{"@type":"SearchAction","target":{"@type":"EntryPoint","urlTemplate":"https:\/\/boutique.ettorevini.fr\/?s={search_term_string}"},"query-input":"required name=search_term_string"}],"inLanguage":"fr-FR"}]}},"_links":{"self":[{"href":"https:\/\/boutique.ettorevini.fr\/index.php\/wp-json\/wp\/v2\/product\/1275"}],"collection":[{"href":"https:\/\/boutique.ettorevini.fr\/index.php\/wp-json\/wp\/v2\/product"}],"about":[{"href":"https:\/\/boutique.ettorevini.fr\/index.php\/wp-json\/wp\/v2\/types\/product"}],"version-history":[{"count":2,"href":"https:\/\/boutique.ettorevini.fr\/index.php\/wp-json\/wp\/v2\/product\/1275\/revisions"}],"predecessor-version":[{"id":1279,"href":"https:\/\/boutique.ettorevini.fr\/index.php\/wp-json\/wp\/v2\/product\/1275\/revisions\/1279"}],"wp:featuredmedia":[{"embeddable":true,"href":"https:\/\/boutique.ettorevini.fr\/index.php\/wp-json\/wp\/v2\/media\/1263"}],"wp:attachment":[{"href":"https:\/\/boutique.ettorevini.fr\/index.php\/wp-json\/wp\/v2\/media?parent=1275"}],"wp:term":[{"taxonomy":"product_cat","embeddable":true,"href":"https:\/\/boutique.ettorevini.fr\/index.php\/wp-json\/wp\/v2\/product_cat?post=1275"},{"taxonomy":"product_tag","embeddable":true,"href":"https:\/\/boutique.ettorevini.fr\/index.php\/wp-json\/wp\/v2\/product_tag?post=1275"}],"curies":[{"name":"wp","href":"https:\/\/api.w.org\/{rel}","templated":true}]}}