{"id":1104,"date":"2020-05-19T18:22:31","date_gmt":"2020-05-19T16:22:31","guid":{"rendered":"http:\/\/boutique.ettorevini.fr\/?post_type=product&#038;p=1104"},"modified":"2025-02-23T13:13:57","modified_gmt":"2025-02-23T12:13:57","slug":"nerosilvo","status":"publish","type":"product","link":"https:\/\/boutique.ettorevini.fr\/index.php\/produit\/nerosilvo\/","title":{"rendered":"Nerosilvo"},"content":{"rendered":"<h2><strong>Producteur<\/strong><\/h2>\n<hr \/>\n<h3><strong>Silvano CLEMENTI &#8211; Villa Persani<\/strong><\/h3>\n<p><img fetchpriority=\"high\" decoding=\"async\" class=\"wp-image-523 size-medium alignleft\" src=\"https:\/\/i0.wp.com\/boutique.ettorevini.fr\/wp-content\/uploads\/2020\/05\/silvano-CL.jpg?resize=300%2C300&#038;ssl=1\" alt=\"\" width=\"300\" height=\"300\" srcset=\"https:\/\/i0.wp.com\/boutique.ettorevini.fr\/wp-content\/uploads\/2020\/05\/silvano-CL.jpg?resize=300%2C300&amp;ssl=1 300w, https:\/\/i0.wp.com\/boutique.ettorevini.fr\/wp-content\/uploads\/2020\/05\/silvano-CL.jpg?resize=100%2C100&amp;ssl=1 100w, https:\/\/i0.wp.com\/boutique.ettorevini.fr\/wp-content\/uploads\/2020\/05\/silvano-CL.jpg?resize=600%2C600&amp;ssl=1 600w, https:\/\/i0.wp.com\/boutique.ettorevini.fr\/wp-content\/uploads\/2020\/05\/silvano-CL.jpg?resize=150%2C150&amp;ssl=1 150w, https:\/\/i0.wp.com\/boutique.ettorevini.fr\/wp-content\/uploads\/2020\/05\/silvano-CL.jpg?resize=768%2C768&amp;ssl=1 768w, https:\/\/i0.wp.com\/boutique.ettorevini.fr\/wp-content\/uploads\/2020\/05\/silvano-CL.jpg?w=1024&amp;ssl=1 1024w\" sizes=\"(max-width: 300px) 100vw, 300px\" data-recalc-dims=\"1\" \/><\/p>\n<p>\u00ab L\u2019autre point de vue \u00bb est le dicton de ce producteur : il veut offrir au consommateur \u00e9clair\u00e9 la possibilit\u00e9 d\u2019instruire son go\u00fbt \u00e0 l\u2019ancienne sensation de naturalit\u00e9. Po\u00e8te, introverti, grand enthousiaste des pratiques sans contamination de sa terre natale, Silvano exploite ses 3 ha de vignes et aussi 1 ha de potager qui produise des jus de fruit de pommes et raisin 100 % bio.<\/p>\n<p>Il est aussi intervenant \u00e0 l\u2019institut de la vigne de San Michele all\u2019Adige, renomm\u00e9e facult\u00e9 de sciences de la terre, o\u00f9 il est chercheur dans le domaine des c\u00e9pages r\u00e9sistants. Ceux-ci sont des croisements entre esp\u00e8ces diff\u00e9rentes de Vitis Vinifera afin d\u2019en s\u00e9lectionner de nouvelles qui puissent r\u00e9sister au mildiou, \u00e0 l\u2019o\u00efdium et \u00e0 bien d\u2019autres maladies. Les sols de cette r\u00e9gion du nord d\u2019Italie ont pour vocation la culture de la vigne comme la nosiola, la schiava, le teroldego. Le domaine est certifi\u00e9 biov\u00e9gan.<\/p>\n<p>\u00abJe ne pouvais pas me limiter \u00e0 observer, je voulais toucher du doigt, m\u2019y mettre\u00a0!\u00a0\u00bb raconte Silvano.<\/p>\n<p><a href=\"\/index.php\/les-terroiristes\/#silvano\">En savoir plus sur Silvano<\/a><\/p>\n<hr \/>\n<h3><strong>Fiche technique<\/strong><\/h3>\n<ul>\n<li><b>Bouteille <\/b>: 0,75 L<\/li>\n<li><strong>C\u00e9page <\/strong>: teroldego<\/li>\n<li><strong>Alcool<\/strong> : 13,5\u00b0<\/li>\n<li><strong>Couleur ou type<\/strong>: rouge cors\u00e9<\/li>\n<li><strong>Sol<\/strong> : argileux<\/li>\n<li><strong>\u00c9levage <\/strong>: en barrique de ch\u00eane<\/li>\n<\/ul>\n","protected":false},"excerpt":{"rendered":"<p>Le pendu \u00e0 l&#8217;envers du Tarot de Marseille est une carte tr\u00e8s int\u00e9ressante : sa couleur rouge nous indique que son \u00e9tat n\u2019est pas passif.<\/p>\n<p>De petits fruits rouges, une bonne acidit\u00e9, une couleur d\u2019un rouge intense. Avec l\u2019\u00e2ge il gagne en \u00e9pices douces et il est plus aust\u00e8re. Nerosilvo 2013 change votre point de vu sur les vins naturels.<\/p>\n","protected":false},"featured_media":1449,"template":"","meta":[],"product_cat":[33],"product_tag":[49,50],"yoast_head":"<!-- This site is optimized with the Yoast SEO plugin v21.8.1 - https:\/\/yoast.com\/wordpress\/plugins\/seo\/ -->\n<title>Nerosilvo - Ettore Vini - Boutique en ligne de vins naturels<\/title>\n<meta name=\"robots\" content=\"index, follow, max-snippet:-1, max-image-preview:large, max-video-preview:-1\" \/>\n<link rel=\"canonical\" href=\"https:\/\/boutique.ettorevini.fr\/index.php\/produit\/nerosilvo\/\" \/>\n<meta property=\"og:locale\" content=\"fr_FR\" \/>\n<meta property=\"og:type\" content=\"article\" \/>\n<meta property=\"og:title\" content=\"Nerosilvo - Ettore Vini - Boutique en ligne de vins naturels\" \/>\n<meta property=\"og:description\" content=\"Le pendu \u00e0 l&#039;envers du Tarot de Marseille est une carte tr\u00e8s int\u00e9ressante : sa couleur rouge nous indique que son \u00e9tat n\u2019est pas passif.  De petits fruits rouges, une bonne acidit\u00e9, une couleur d\u2019un rouge intense. Avec l\u2019\u00e2ge il gagne en \u00e9pices douces et il est plus aust\u00e8re. Nerosilvo 2013 change votre point de vu sur les vins naturels.\" \/>\n<meta property=\"og:url\" content=\"https:\/\/boutique.ettorevini.fr\/index.php\/produit\/nerosilvo\/\" \/>\n<meta property=\"og:site_name\" content=\"Ettore Vini - Boutique en ligne de vins naturels\" \/>\n<meta property=\"article:publisher\" content=\"https:\/\/www.facebook.com\/AnimaVini\" \/>\n<meta property=\"article:modified_time\" content=\"2025-02-23T12:13:57+00:00\" \/>\n<meta property=\"og:image\" content=\"https:\/\/boutique.ettorevini.fr\/wp-content\/uploads\/2024\/01\/CER0054-Modifier-Modifier-Modifier-1.jpg\" \/>\n\t<meta property=\"og:image:width\" content=\"1080\" \/>\n\t<meta property=\"og:image:height\" content=\"720\" \/>\n\t<meta property=\"og:image:type\" content=\"image\/jpeg\" \/>\n<meta name=\"twitter:card\" content=\"summary_large_image\" \/>\n<meta name=\"twitter:label1\" content=\"Dur\u00e9e de lecture estim\u00e9e\" \/>\n\t<meta name=\"twitter:data1\" content=\"2 minutes\" \/>\n<script type=\"application\/ld+json\" class=\"yoast-schema-graph\">{\"@context\":\"https:\/\/schema.org\",\"@graph\":[{\"@type\":\"WebPage\",\"@id\":\"https:\/\/boutique.ettorevini.fr\/index.php\/produit\/nerosilvo\/\",\"url\":\"https:\/\/boutique.ettorevini.fr\/index.php\/produit\/nerosilvo\/\",\"name\":\"Nerosilvo - Ettore Vini - Boutique en ligne de vins naturels\",\"isPartOf\":{\"@id\":\"https:\/\/boutique.ettorevini.fr\/#website\"},\"datePublished\":\"2020-05-19T16:22:31+00:00\",\"dateModified\":\"2025-02-23T12:13:57+00:00\",\"breadcrumb\":{\"@id\":\"https:\/\/boutique.ettorevini.fr\/index.php\/produit\/nerosilvo\/#breadcrumb\"},\"inLanguage\":\"fr-FR\",\"potentialAction\":[{\"@type\":\"ReadAction\",\"target\":[\"https:\/\/boutique.ettorevini.fr\/index.php\/produit\/nerosilvo\/\"]}]},{\"@type\":\"BreadcrumbList\",\"@id\":\"https:\/\/boutique.ettorevini.fr\/index.php\/produit\/nerosilvo\/#breadcrumb\",\"itemListElement\":[{\"@type\":\"ListItem\",\"position\":1,\"name\":\"Accueil\",\"item\":\"https:\/\/boutique.ettorevini.fr\/\"},{\"@type\":\"ListItem\",\"position\":2,\"name\":\"LES VINS DE CESAR\",\"item\":\"https:\/\/boutique.ettorevini.fr\/\"},{\"@type\":\"ListItem\",\"position\":3,\"name\":\"Nerosilvo\"}]},{\"@type\":\"WebSite\",\"@id\":\"https:\/\/boutique.ettorevini.fr\/#website\",\"url\":\"https:\/\/boutique.ettorevini.fr\/\",\"name\":\"Ettore Vini - Boutique en ligne de vins naturels\",\"description\":\"\u00c7a se passe en France depuis 2010\",\"potentialAction\":[{\"@type\":\"SearchAction\",\"target\":{\"@type\":\"EntryPoint\",\"urlTemplate\":\"https:\/\/boutique.ettorevini.fr\/?s={search_term_string}\"},\"query-input\":\"required name=search_term_string\"}],\"inLanguage\":\"fr-FR\"}]}<\/script>\n<!-- \/ Yoast SEO plugin. -->","yoast_head_json":{"title":"Nerosilvo - Ettore Vini - Boutique en ligne de vins naturels","robots":{"index":"index","follow":"follow","max-snippet":"max-snippet:-1","max-image-preview":"max-image-preview:large","max-video-preview":"max-video-preview:-1"},"canonical":"https:\/\/boutique.ettorevini.fr\/index.php\/produit\/nerosilvo\/","og_locale":"fr_FR","og_type":"article","og_title":"Nerosilvo - Ettore Vini - Boutique en ligne de vins naturels","og_description":"Le pendu \u00e0 l'envers du Tarot de Marseille est une carte tr\u00e8s int\u00e9ressante : sa couleur rouge nous indique que son \u00e9tat n\u2019est pas passif.  De petits fruits rouges, une bonne acidit\u00e9, une couleur d\u2019un rouge intense. Avec l\u2019\u00e2ge il gagne en \u00e9pices douces et il est plus aust\u00e8re. Nerosilvo 2013 change votre point de vu sur les vins naturels.","og_url":"https:\/\/boutique.ettorevini.fr\/index.php\/produit\/nerosilvo\/","og_site_name":"Ettore Vini - Boutique en ligne de vins naturels","article_publisher":"https:\/\/www.facebook.com\/AnimaVini","article_modified_time":"2025-02-23T12:13:57+00:00","og_image":[{"width":1080,"height":720,"url":"https:\/\/boutique.ettorevini.fr\/wp-content\/uploads\/2024\/01\/CER0054-Modifier-Modifier-Modifier-1.jpg","type":"image\/jpeg"}],"twitter_card":"summary_large_image","twitter_misc":{"Dur\u00e9e de lecture estim\u00e9e":"2 minutes"},"schema":{"@context":"https:\/\/schema.org","@graph":[{"@type":"WebPage","@id":"https:\/\/boutique.ettorevini.fr\/index.php\/produit\/nerosilvo\/","url":"https:\/\/boutique.ettorevini.fr\/index.php\/produit\/nerosilvo\/","name":"Nerosilvo - Ettore Vini - Boutique en ligne de vins naturels","isPartOf":{"@id":"https:\/\/boutique.ettorevini.fr\/#website"},"datePublished":"2020-05-19T16:22:31+00:00","dateModified":"2025-02-23T12:13:57+00:00","breadcrumb":{"@id":"https:\/\/boutique.ettorevini.fr\/index.php\/produit\/nerosilvo\/#breadcrumb"},"inLanguage":"fr-FR","potentialAction":[{"@type":"ReadAction","target":["https:\/\/boutique.ettorevini.fr\/index.php\/produit\/nerosilvo\/"]}]},{"@type":"BreadcrumbList","@id":"https:\/\/boutique.ettorevini.fr\/index.php\/produit\/nerosilvo\/#breadcrumb","itemListElement":[{"@type":"ListItem","position":1,"name":"Accueil","item":"https:\/\/boutique.ettorevini.fr\/"},{"@type":"ListItem","position":2,"name":"LES VINS DE CESAR","item":"https:\/\/boutique.ettorevini.fr\/"},{"@type":"ListItem","position":3,"name":"Nerosilvo"}]},{"@type":"WebSite","@id":"https:\/\/boutique.ettorevini.fr\/#website","url":"https:\/\/boutique.ettorevini.fr\/","name":"Ettore Vini - Boutique en ligne de vins naturels","description":"\u00c7a se passe en France depuis 2010","potentialAction":[{"@type":"SearchAction","target":{"@type":"EntryPoint","urlTemplate":"https:\/\/boutique.ettorevini.fr\/?s={search_term_string}"},"query-input":"required name=search_term_string"}],"inLanguage":"fr-FR"}]}},"_links":{"self":[{"href":"https:\/\/boutique.ettorevini.fr\/index.php\/wp-json\/wp\/v2\/product\/1104"}],"collection":[{"href":"https:\/\/boutique.ettorevini.fr\/index.php\/wp-json\/wp\/v2\/product"}],"about":[{"href":"https:\/\/boutique.ettorevini.fr\/index.php\/wp-json\/wp\/v2\/types\/product"}],"version-history":[{"count":1,"href":"https:\/\/boutique.ettorevini.fr\/index.php\/wp-json\/wp\/v2\/product\/1104\/revisions"}],"predecessor-version":[{"id":1106,"href":"https:\/\/boutique.ettorevini.fr\/index.php\/wp-json\/wp\/v2\/product\/1104\/revisions\/1106"}],"wp:featuredmedia":[{"embeddable":true,"href":"https:\/\/boutique.ettorevini.fr\/index.php\/wp-json\/wp\/v2\/media\/1449"}],"wp:attachment":[{"href":"https:\/\/boutique.ettorevini.fr\/index.php\/wp-json\/wp\/v2\/media?parent=1104"}],"wp:term":[{"taxonomy":"product_cat","embeddable":true,"href":"https:\/\/boutique.ettorevini.fr\/index.php\/wp-json\/wp\/v2\/product_cat?post=1104"},{"taxonomy":"product_tag","embeddable":true,"href":"https:\/\/boutique.ettorevini.fr\/index.php\/wp-json\/wp\/v2\/product_tag?post=1104"}],"curies":[{"name":"wp","href":"https:\/\/api.w.org\/{rel}","templated":true}]}}