{"id":947,"date":"2020-05-06T09:03:09","date_gmt":"2020-05-06T07:03:09","guid":{"rendered":"http:\/\/boutique.ettorevini.fr\/?page_id=947"},"modified":"2022-12-28T17:05:12","modified_gmt":"2022-12-28T16:05:12","slug":"cgv","status":"publish","type":"page","link":"https:\/\/boutique.ettorevini.fr\/index.php\/cgv\/","title":{"rendered":"Conditions G\u00e9n\u00e9rales de Vente"},"content":{"rendered":"<p><strong><span style=\"font-size: 8.5pt; font-family: 'Verdana','sans-serif'; color: black;\">ARTICLE 1 &#8211; G\u00e9n\u00e9ralit\u00e9s<\/span><\/strong><\/p>\n<p style=\"text-align: justify; text-justify: inter-ideograph;\"><span style=\"font-size: 8.5pt; font-family: 'Verdana','sans-serif'; color: black;\">Les pr\u00e9sentes conditions g\u00e9n\u00e9rales de vente s\u2019appliquent \u00e0 toutes les commandes re\u00e7ues par Ettore Vini SARL sur le site internet<span class=\"apple-converted-space\">\u00a0<\/span><\/span><a href=\"http:\/\/www.ettorevini.fr\/\"><span style=\"font-size: 8.5pt; font-family: 'Verdana','sans-serif';\">www.ettorevini.fr<\/span><\/a><span style=\"font-size: 8.5pt; font-family: 'Verdana','sans-serif'; color: black;\">. L\u2019acheteur accepte sans r\u00e9serve ces conditions g\u00e9n\u00e9rales de vente.<\/span><\/p>\n<p style=\"text-align: justify; text-justify: inter-ideograph;\"><span style=\"font-size: 8.5pt; font-family: 'Verdana','sans-serif'; color: black;\">Appartient \u00e0 l\u2019acheteur de v\u00e9rifier tout d\u00e9tail de la commande\u00a0: la quantit\u00e9 des marchandises, le prix total ainsi que les informations pour la facturation et la livraison.<\/span><\/p>\n<p style=\"text-align: justify; text-justify: inter-ideograph;\"><span style=\"font-size: 8.5pt; font-family: 'Verdana','sans-serif'; color: black;\">Les prix sont affich\u00e9s en euros TTC, au montant de la TVA en vigueur. Des frais de port peuvent \u00eatre appliqu\u00e9s lors de la validation de la commande.<\/span><\/p>\n<p><strong><span style=\"font-size: 8.5pt; font-family: 'Verdana','sans-serif'; color: black;\">ARTICLE 2 \u2013 Modalit\u00e9s d\u2019achat en Ligne<\/span><\/strong><\/p>\n<p style=\"text-align: justify; text-justify: inter-ideograph;\"><span style=\"font-size: 8.5pt; font-family: 'Verdana','sans-serif'; color: black;\">Le prix est exigible en totalit\u00e9 apr\u00e8s confirmation de la commande.<\/span><\/p>\n<p style=\"text-align: justify; text-justify: inter-ideograph;\"><span style=\"font-size: 8.5pt; font-family: 'Verdana','sans-serif'; color: black;\">Le paiement s&#8217;effectue exclusivement au moyen de(des) solution(s) de paiement s\u00e9curis\u00e9(s) disponible(s).<\/span><\/p>\n<p style=\"text-align: justify; text-justify: inter-ideograph;\"><span style=\"font-size: 8.5pt; font-family: 'Verdana','sans-serif'; color: black;\">Ettore Vini SARL se r\u00e9serve la propri\u00e9t\u00e9 des marchandises jusqu\u2019au paiement du prix par l\u2019acheteur, conform\u00e9ment \u00e0 la loi du 12 mai 1980 et \u00e0 la loi du 25 janvier 1985. L&#8217;acheteur supportera donc la charge des risques survenus apr\u00e8s la date de livraison de la marchandise.<\/span><\/p>\n<p style=\"text-align: justify; text-justify: inter-ideograph;\"><span style=\"font-size: 8.5pt; font-family: 'Verdana','sans-serif'; color: black;\">Dans le cas o\u00f9 l\u2019acheteur serait en retard sur le paiement de la facture, des p\u00e9nalit\u00e9s sont pr\u00e9vues\u00a0: trois (3) fois le taux d\u2019int\u00e9r\u00eat l\u00e9gal, plus 40 \u20ac d&#8217;indemnit\u00e9 forfaitaire (art. L. 441-6 du Code de commerce) s&#8217;il s&#8217;agit d&#8217;un client professionnel. Une indemnit\u00e9 compl\u00e9mentaire pourra \u00eatre r\u00e9clam\u00e9e, sur justificatifs, lorsque les frais de recouvrement expos\u00e9s sont sup\u00e9rieurs au montant de l&#8217;indemnit\u00e9 forfaitaire.<\/span><\/p>\n<p><strong><span style=\"font-size: 8.5pt; font-family: 'Verdana','sans-serif'; color: black;\">ARTICLE 3 \u2013 Exp\u00e9dition et Prix<\/span><\/strong><\/p>\n<p style=\"text-align: justify; text-justify: inter-ideograph;\"><span style=\"font-size: 8.5pt; font-family: 'Verdana','sans-serif'; color: black;\">Les exp\u00e9ditions sont effectu\u00e9es par les transporteurs choisis par Ettore Vini SARL.<\/span><\/p>\n<p style=\"text-align: justify; text-justify: inter-ideograph;\"><span style=\"font-size: 8.5pt; font-family: 'Verdana','sans-serif'; color: black;\">Il revient au client de s\u00e9lectionner le pays de livraison pour voir afficher les produits aux prix correspondants au pays de livraison choisi. LES TARIFS DE LIVRAISON APPLICABLES LORS DE LA COMMANDE SONT DISPONIBLES SUR LE SITE.<\/span><\/p>\n<p><span style=\"font-size: 8.5pt; font-family: 'Verdana','sans-serif'; color: black;\">Les DOM-TOM au moment de la r\u00e9daction de ce document ne sont pas desservis.<\/span><\/p>\n<p style=\"text-align: justify; text-justify: inter-ideograph;\"><span style=\"font-size: 8.5pt; font-family: 'Verdana','sans-serif'; color: black;\">Pays non EU\u00a0:\u00a0au moment de la r\u00e9daction de ce document ces pays\u00a0ne sont\u00a0pas desservis.<\/span><\/p>\n<p style=\"text-align: justify; text-justify: inter-ideograph;\"><span style=\"font-size: 8.5pt; font-family: 'Verdana','sans-serif'; color: black;\">Toutes les livraisons additionnelles et\/ou compl\u00e9mentaires \u00e0 celles pr\u00e9vues dans la commande sign\u00e9e, seront factur\u00e9es au prix de la premi\u00e8re.<\/span><\/p>\n<p style=\"text-align: justify; text-justify: inter-ideograph;\"><span style=\"font-size: 8.5pt; font-family: 'Verdana','sans-serif'; color: black;\">Dans le cas de livraisons additionnelles et\/ou compl\u00e9mentaires effectu\u00e9es quand la premi\u00e8re pr\u00e9vue n&#8217;aurait pu \u00eatre effectu\u00e9e par faute du client\u00a0(absence, acc\u00e8s impossible, refus des marchandises, refus de signer le\u00a0bon de livraison) celles-ci seront factur\u00e9es\u00a0avec un surco\u00fbt de<span class=\"apple-converted-space\">\u00a0<\/span><strong><span style=\"font-family: 'Verdana','sans-serif';\">40\u20ac.<\/span><\/strong><\/span><\/p>\n<p style=\"text-align: justify; text-justify: inter-ideograph;\"><span style=\"font-size: 8.5pt; font-family: 'Verdana','sans-serif'; color: black;\">Le d\u00e9lai de livraison est g\u00e9n\u00e9ralement d\u2019une semaine \u00e0 partir de la r\u00e9ception du paiement, il ne peut exc\u00e9der en tout cas les 30 jours. Lorsque le d\u00e9lai de livraison est d\u00e9pass\u00e9, l\u2019acheteur peut demander d\u2019\u00eatre rembours\u00e9 en adressant une LRAR au si\u00e8ge de la soci\u00e9t\u00e9 Ettore Vini SARL.<\/span><\/p>\n<p style=\"text-align: justify; text-justify: inter-ideograph;\"><span style=\"font-size: 8.5pt; font-family: 'Verdana','sans-serif'; color: black;\">En cas de manquant, c\u2019est \u00e0 l\u2019acheteur de pr\u00e9venir la soci\u00e9t\u00e9 Ettore Vini SARL dans les 48 heures suivant la r\u00e9ception et fournir les \u00e9l\u00e9ments justificatifs : photos, bon de r\u00e9serve, etc.<\/span><\/p>\n<p><strong><span style=\"font-size: 8.5pt; font-family: 'Verdana','sans-serif'; color: black;\">ARTICLE 4 \u2013 R\u00e9tractation<\/span><\/strong><\/p>\n<p style=\"text-align: justify; text-justify: inter-ideograph;\"><span style=\"font-size: 8.5pt; font-family: 'Verdana','sans-serif'; color: black;\">Vous disposez d&#8217;un d\u00e9lai de 14 jours pour changer d&#8217;avis sur votre achat \u00e0 partir du jour de sa r\u00e9ception. Pour ce faire, adressez-nous une d\u00e9claration exprimant votre volont\u00e9 de vous r\u00e9tracter par m\u00e9l, par courrier ou via notre page de contact. \u00a0Vous pouvez aussi imprimer, compl\u00e9ter et renvoyer le pr\u00e9sent formulaire :<\/span><\/p>\n<p><span style=\"font-size: 8.5pt; font-family: 'Verdana','sans-serif'; color: black;\">\u00a0<\/span><\/p>\n<p><span style=\"font-size: 8.5pt; font-family: 'Verdana','sans-serif'; color: black;\">A l\u2019attention de Ettore Vini SARL<\/span><\/p>\n<p><span style=\"font-size: 8.5pt; font-family: 'Verdana','sans-serif'; color: black;\">Adresse\u00a0: 136, rue Saint-Denis 93100 &#8211; Montreuil<\/span><\/p>\n<p><span style=\"font-size: 8.5pt; font-family: 'Verdana','sans-serif'; color: black;\">Par la pr\u00e9sente, je vous notifie ma r\u00e9tractation du contrat portant sur la vente du\/des produit(s) ci-dessous :<\/span><\/p>\n<p><span style=\"font-size: 8.5pt; font-family: 'Verdana','sans-serif'; color: black;\">Command\u00e9 le \u2026\u2026\u2026\u2026\u2026\u2026\u2026\u2026\u2026\u2026\u2026\u2026\u2026\u2026 \/ Re\u00e7u le \u2026\u2026\u2026\u2026\u2026\u2026\u2026\u2026\u2026\u2026\u2026\u2026\u2026\u2026\u2026\u2026\u2026\u2026\u2026\u2026\u2026\u2026\u2026\u2026\u2026\u2026<\/span><\/p>\n<p><span style=\"font-size: 8.5pt; font-family: 'Verdana','sans-serif'; color: black;\">Num. de R\u00e9f\u00e9rence\u00a0: \u2026\u2026\u2026\u2026\u2026\u2026\u2026\u2026\u2026\u2026\u2026\u2026\u2026\u2026\u2026\u2026\u2026\u2026\u2026\u2026\u2026\u2026\u2026\u2026\u2026\u2026\u2026\u2026\u2026\u2026\u2026\u2026\u2026\u2026\u2026\u2026\u2026\u2026\u2026\u2026\u2026\u2026\u2026\u2026\u2026<\/span><\/p>\n<p><span style=\"font-size: 8.5pt; font-family: 'Verdana','sans-serif'; color: black;\">Nom du Client : \u2026\u2026\u2026\u2026\u2026\u2026\u2026\u2026\u2026\u2026\u2026\u2026\u2026\u2026\u2026\u2026\u2026\u2026\u2026\u2026\u2026\u2026\u2026\u2026\u2026\u2026\u2026\u2026\u2026\u2026\u2026\u2026\u2026\u2026\u2026\u2026\u2026\u2026\u2026\u2026\u2026\u2026\u2026\u2026\u2026\u2026<\/span><\/p>\n<p><span style=\"font-size: 8.5pt; font-family: 'Verdana','sans-serif'; color: black;\">Adresse du Client :\u00a0\u2026\u2026\u2026\u2026\u2026\u2026\u2026\u2026\u2026\u2026\u2026\u2026\u2026\u2026\u2026\u2026\u2026\u2026\u2026\u2026\u2026\u2026\u2026\u2026\u2026\u2026\u2026\u2026\u2026\u2026\u2026\u2026\u2026\u2026\u2026\u2026\u2026\u2026\u2026\u2026\u2026\u2026\u2026\u2026<\/span><\/p>\n<p><span style=\"font-size: 8.5pt; font-family: 'Verdana','sans-serif'; color: black;\">Signature du Client :<\/span><\/p>\n<p><span style=\"font-size: 8.5pt; font-family: 'Verdana','sans-serif'; color: black;\">Date : \u2026\u2026\u2026\u2026\u2026\u2026\u2026\u2026\u2026\u2026\u2026\u2026\u2026\u2026\u2026\u2026\u2026\u2026\u2026\u2026\u2026\u2026\u2026\u2026<\/span><\/p>\n<p><span style=\"font-size: 8.5pt; font-family: 'Verdana','sans-serif'; color: black;\">\u00a0<\/span><\/p>\n<p style=\"text-align: justify; text-justify: inter-ideograph;\"><span style=\"font-size: 8.5pt; font-family: 'Verdana','sans-serif'; color: black;\">Vous devez nous retourner les biens au plus tard dans les 14 jours suivant l&#8217;envoi de votre d\u00e9cision de r\u00e9tractation. Le remboursement interviendra dans les meilleurs d\u00e9lais, au plus tard sous 14 jours \u00e0 compter de l&#8217;exercice du droit de r\u00e9tractation. Le remboursement sera effectu\u00e9 par ch\u00e8que ou virement bancaire.<\/span><\/p>\n<p><strong><span style=\"font-size: 8.5pt; font-family: 'Verdana','sans-serif'; color: black;\">ARTICLE 5 &#8211; Modification des Conditions G\u00e9n\u00e9rales de Vente<\/span><\/strong><\/p>\n<p style=\"text-align: justify; text-justify: inter-ideograph;\"><span style=\"font-size: 8.5pt; font-family: 'Verdana','sans-serif'; color: black;\">Ettore Vini SARL se r\u00e9serve la facult\u00e9 de modifier ses Conditions G\u00e9n\u00e9rales de Vente \u00e0 tout moment. Dans ce cas, les CGV applicables sont celles en vigueur \u00e0 la date de la commande.<\/span><\/p>\n<p><strong><span style=\"font-size: 8.5pt; font-family: 'Verdana','sans-serif'; color: black;\">ARTICLE 6 \u2013 Propri\u00e9t\u00e9 Intellectuelle<\/span><\/strong><\/p>\n<p style=\"text-align: justify; text-justify: inter-ideograph;\"><span style=\"font-size: 8.5pt; font-family: 'Verdana','sans-serif'; color: black;\">L\u2019ensemble du contenu du site comme textes, \u00e9l\u00e9ments graphiques, logos, photographies, compilations de donn\u00e9es, documents audio et vid\u00e9o sont la propri\u00e9t\u00e9 de Ettore Vini SARL ou de ses fournisseurs de contenus et sont prot\u00e9g\u00e9s par la r\u00e9glementation relative au droit d\u2019auteur.<\/span><\/p>\n<p><strong><span style=\"font-size: 8.5pt; font-family: 'Verdana','sans-serif'; color: black;\">ARTICLE 7 \u2013 Comp\u00e9tence Territoriale<\/span><\/strong><\/p>\n<p style=\"text-align: justify; text-justify: inter-ideograph;\"><span style=\"font-size: 8.5pt; font-family: 'Verdana','sans-serif'; color: black;\">Les pr\u00e9sentes Conditions G\u00e9n\u00e9rales de Vente sont soumises au droit fran\u00e7ais. En cas de litige relatif \u00e0 l&#8217;interpr\u00e9tation des pr\u00e9sentes, la comp\u00e9tence sera du Tribunal de Commerce de Bobigny.\u00a0\u00a0\u00a0\u00a0\u00a0\u00a0\u00a0\u00a0<\/span><\/p>\n<p><strong><span style=\"font-size: 8.5pt; font-family: 'Verdana','sans-serif'; color: black;\">ARTICLE 8 \u2013 Protection des Mineurs<\/span><\/strong><\/p>\n<p style=\"text-align: justify; text-justify: inter-ideograph;\"><span style=\"font-size: 8.5pt; font-family: 'Verdana','sans-serif'; color: black;\">Conform\u00e9ment \u00e0 l&#8217;article L. 3342-1 du Code de la Sant\u00e9 Publique, la vente d&#8217;alcool est interdite aux mineurs de moins de 18 ans.<\/span><\/p>\n<p style=\"text-align: justify; text-justify: inter-ideograph;\"><span style=\"font-size: 8.5pt; font-family: 'Verdana','sans-serif'; color: black;\">Toute personne navigant sur le Site et\/ou proc\u00e9dant \u00e0 une commande s&#8217;engage \u00e0 avoir la capacit\u00e9 juridique et l&#8217;\u00e2ge l\u00e9gal requis (18 ans r\u00e9volus). La consommation d&#8217;alcool pendant la grossesse peut voir des cons\u00e9quences graves sur la sant\u00e9 de l&#8217;enfant.<\/span><\/p>\n<p><span style=\"font-size: 8.5pt; font-family: 'Verdana','sans-serif'; color: black;\">\u00a0<strong><span style=\"font-family: 'Verdana','sans-serif';\">ARTICLE 9 \u2013 <\/span><\/strong><b>Donn\u00e9es personnelles<\/b><\/span><\/p>\n<p style=\"text-align: justify; text-justify: inter-ideograph;\"><span style=\"font-size: 8.5pt; font-family: 'Verdana','sans-serif'; color: black;\">Conform\u00e9ment aux articles 39 et suivants de la loi n\u00b0 78-17 du 6 janvier 1978 modifi\u00e9e en 2004 relative \u00e0 l\u2019informatique, aux fichiers et aux libert\u00e9s, toute personne peut obtenir communication et, le cas \u00e9ch\u00e9ant, rectification ou suppression des informations la concernant, en adressant un courrier \u00e0 Ettore Vini SARL 136, rue Saint-Denis 93100 \u2013 Montreuil ou par m\u00e9l \u00e0 l\u2019adresse <\/span><a href=\"mailto:ettore@ettorevini.fr\"><span style=\"font-size: 8.5pt; font-family: 'Verdana','sans-serif';\">ettore@ettorevini.fr<\/span><\/a><span style=\"font-size: 8.5pt; font-family: 'Verdana','sans-serif'; color: black;\">. Votre demande doit \u00eatre accompagn\u00e9e de la photocopie d\u2019un titre d\u2019identit\u00e9 portant votre signature et pr\u00e9ciser l\u2019adresse \u00e0 laquelle doit vous parvenir la r\u00e9ponse.<\/span><\/p>\n<p><span style=\"font-size: 8.5pt; font-family: 'Verdana','sans-serif'; color: black;\">\u00a0<\/span><\/p>\n<p><strong><span style=\"font-size: 8.5pt; font-family: 'Verdana','sans-serif'; color: black;\">\u00a0L&#8217;abus d&#8217;alcool est dangereux pour la sant\u00e9. Sachez consommer et appr\u00e9cier avec mod\u00e9ration.\u00a0<\/span><\/strong><\/p>\n","protected":false},"excerpt":{"rendered":"<p>ARTICLE 1 &#8211; G\u00e9n\u00e9ralit\u00e9s Les pr\u00e9sentes conditions g\u00e9n\u00e9rales de vente s\u2019appliquent \u00e0 toutes les commandes re\u00e7ues par Ettore Vini SARL&hellip;<\/p>\n","protected":false},"author":1,"featured_media":0,"parent":0,"menu_order":0,"comment_status":"closed","ping_status":"closed","template":"","meta":{"footnotes":""},"yoast_head":"<!-- This site is optimized with the Yoast SEO plugin v21.8.1 - https:\/\/yoast.com\/wordpress\/plugins\/seo\/ -->\n<title>Conditions G\u00e9n\u00e9rales de Vente - Ettore Vini - Boutique en ligne de vins naturels<\/title>\n<meta name=\"robots\" content=\"index, follow, max-snippet:-1, max-image-preview:large, max-video-preview:-1\" \/>\n<link rel=\"canonical\" href=\"https:\/\/boutique.ettorevini.fr\/index.php\/cgv\/\" \/>\n<meta property=\"og:locale\" content=\"fr_FR\" \/>\n<meta property=\"og:type\" content=\"article\" \/>\n<meta property=\"og:title\" content=\"Conditions G\u00e9n\u00e9rales de Vente - Ettore Vini - Boutique en ligne de vins naturels\" \/>\n<meta property=\"og:description\" content=\"ARTICLE 1 &#8211; G\u00e9n\u00e9ralit\u00e9s Les pr\u00e9sentes conditions g\u00e9n\u00e9rales de vente s\u2019appliquent \u00e0 toutes les commandes re\u00e7ues par Ettore Vini SARL&hellip;\" \/>\n<meta property=\"og:url\" content=\"https:\/\/boutique.ettorevini.fr\/index.php\/cgv\/\" \/>\n<meta property=\"og:site_name\" content=\"Ettore Vini - Boutique en ligne de vins naturels\" \/>\n<meta property=\"article:publisher\" content=\"https:\/\/www.facebook.com\/AnimaVini\" \/>\n<meta property=\"article:modified_time\" content=\"2022-12-28T16:05:12+00:00\" \/>\n<meta name=\"twitter:card\" content=\"summary_large_image\" \/>\n<meta name=\"twitter:label1\" content=\"Dur\u00e9e de lecture estim\u00e9e\" \/>\n\t<meta name=\"twitter:data1\" content=\"5 minutes\" \/>\n<script type=\"application\/ld+json\" class=\"yoast-schema-graph\">{\"@context\":\"https:\/\/schema.org\",\"@graph\":[{\"@type\":\"WebPage\",\"@id\":\"https:\/\/boutique.ettorevini.fr\/index.php\/cgv\/\",\"url\":\"https:\/\/boutique.ettorevini.fr\/index.php\/cgv\/\",\"name\":\"Conditions G\u00e9n\u00e9rales de Vente - Ettore Vini - Boutique en ligne de vins naturels\",\"isPartOf\":{\"@id\":\"https:\/\/boutique.ettorevini.fr\/#website\"},\"datePublished\":\"2020-05-06T07:03:09+00:00\",\"dateModified\":\"2022-12-28T16:05:12+00:00\",\"breadcrumb\":{\"@id\":\"https:\/\/boutique.ettorevini.fr\/index.php\/cgv\/#breadcrumb\"},\"inLanguage\":\"fr-FR\",\"potentialAction\":[{\"@type\":\"ReadAction\",\"target\":[\"https:\/\/boutique.ettorevini.fr\/index.php\/cgv\/\"]}]},{\"@type\":\"BreadcrumbList\",\"@id\":\"https:\/\/boutique.ettorevini.fr\/index.php\/cgv\/#breadcrumb\",\"itemListElement\":[{\"@type\":\"ListItem\",\"position\":1,\"name\":\"Accueil\",\"item\":\"https:\/\/boutique.ettorevini.fr\/\"},{\"@type\":\"ListItem\",\"position\":2,\"name\":\"Conditions G\u00e9n\u00e9rales de Vente\"}]},{\"@type\":\"WebSite\",\"@id\":\"https:\/\/boutique.ettorevini.fr\/#website\",\"url\":\"https:\/\/boutique.ettorevini.fr\/\",\"name\":\"Ettore Vini - Boutique en ligne de vins naturels\",\"description\":\"\u00c7a se passe en France depuis 2010\",\"potentialAction\":[{\"@type\":\"SearchAction\",\"target\":{\"@type\":\"EntryPoint\",\"urlTemplate\":\"https:\/\/boutique.ettorevini.fr\/?s={search_term_string}\"},\"query-input\":\"required name=search_term_string\"}],\"inLanguage\":\"fr-FR\"}]}<\/script>\n<!-- \/ Yoast SEO plugin. -->","yoast_head_json":{"title":"Conditions G\u00e9n\u00e9rales de Vente - Ettore Vini - Boutique en ligne de vins naturels","robots":{"index":"index","follow":"follow","max-snippet":"max-snippet:-1","max-image-preview":"max-image-preview:large","max-video-preview":"max-video-preview:-1"},"canonical":"https:\/\/boutique.ettorevini.fr\/index.php\/cgv\/","og_locale":"fr_FR","og_type":"article","og_title":"Conditions G\u00e9n\u00e9rales de Vente - Ettore Vini - Boutique en ligne de vins naturels","og_description":"ARTICLE 1 &#8211; G\u00e9n\u00e9ralit\u00e9s Les pr\u00e9sentes conditions g\u00e9n\u00e9rales de vente s\u2019appliquent \u00e0 toutes les commandes re\u00e7ues par Ettore Vini SARL&hellip;","og_url":"https:\/\/boutique.ettorevini.fr\/index.php\/cgv\/","og_site_name":"Ettore Vini - Boutique en ligne de vins naturels","article_publisher":"https:\/\/www.facebook.com\/AnimaVini","article_modified_time":"2022-12-28T16:05:12+00:00","twitter_card":"summary_large_image","twitter_misc":{"Dur\u00e9e de lecture estim\u00e9e":"5 minutes"},"schema":{"@context":"https:\/\/schema.org","@graph":[{"@type":"WebPage","@id":"https:\/\/boutique.ettorevini.fr\/index.php\/cgv\/","url":"https:\/\/boutique.ettorevini.fr\/index.php\/cgv\/","name":"Conditions G\u00e9n\u00e9rales de Vente - Ettore Vini - Boutique en ligne de vins naturels","isPartOf":{"@id":"https:\/\/boutique.ettorevini.fr\/#website"},"datePublished":"2020-05-06T07:03:09+00:00","dateModified":"2022-12-28T16:05:12+00:00","breadcrumb":{"@id":"https:\/\/boutique.ettorevini.fr\/index.php\/cgv\/#breadcrumb"},"inLanguage":"fr-FR","potentialAction":[{"@type":"ReadAction","target":["https:\/\/boutique.ettorevini.fr\/index.php\/cgv\/"]}]},{"@type":"BreadcrumbList","@id":"https:\/\/boutique.ettorevini.fr\/index.php\/cgv\/#breadcrumb","itemListElement":[{"@type":"ListItem","position":1,"name":"Accueil","item":"https:\/\/boutique.ettorevini.fr\/"},{"@type":"ListItem","position":2,"name":"Conditions G\u00e9n\u00e9rales de Vente"}]},{"@type":"WebSite","@id":"https:\/\/boutique.ettorevini.fr\/#website","url":"https:\/\/boutique.ettorevini.fr\/","name":"Ettore Vini - Boutique en ligne de vins naturels","description":"\u00c7a se passe en France depuis 2010","potentialAction":[{"@type":"SearchAction","target":{"@type":"EntryPoint","urlTemplate":"https:\/\/boutique.ettorevini.fr\/?s={search_term_string}"},"query-input":"required name=search_term_string"}],"inLanguage":"fr-FR"}]}},"_links":{"self":[{"href":"https:\/\/boutique.ettorevini.fr\/index.php\/wp-json\/wp\/v2\/pages\/947"}],"collection":[{"href":"https:\/\/boutique.ettorevini.fr\/index.php\/wp-json\/wp\/v2\/pages"}],"about":[{"href":"https:\/\/boutique.ettorevini.fr\/index.php\/wp-json\/wp\/v2\/types\/page"}],"author":[{"embeddable":true,"href":"https:\/\/boutique.ettorevini.fr\/index.php\/wp-json\/wp\/v2\/users\/1"}],"replies":[{"embeddable":true,"href":"https:\/\/boutique.ettorevini.fr\/index.php\/wp-json\/wp\/v2\/comments?post=947"}],"version-history":[{"count":2,"href":"https:\/\/boutique.ettorevini.fr\/index.php\/wp-json\/wp\/v2\/pages\/947\/revisions"}],"predecessor-version":[{"id":1418,"href":"https:\/\/boutique.ettorevini.fr\/index.php\/wp-json\/wp\/v2\/pages\/947\/revisions\/1418"}],"wp:attachment":[{"href":"https:\/\/boutique.ettorevini.fr\/index.php\/wp-json\/wp\/v2\/media?parent=947"}],"curies":[{"name":"wp","href":"https:\/\/api.w.org\/{rel}","templated":true}]}}